{"id":1195,"date":"2021-09-24T06:21:26","date_gmt":"2021-09-24T07:21:26","guid":{"rendered":"http:\/\/trojcazambrow.pl\/index.php\/festyn-w-uroczystosc-sw-stanislawa-kostki\/"},"modified":"2021-09-24T06:21:26","modified_gmt":"2021-09-24T07:21:26","slug":"festyn-w-uroczystosc-sw-stanislawa-kostki","status":"publish","type":"page","link":"https:\/\/trojcazambrow.pl\/index.php\/festyn-w-uroczystosc-sw-stanislawa-kostki\/","title":{"rendered":"Festyn w uroczysto\u015b\u0107 \u015bw. Stanis\u0142awa Kostki"},"content":{"rendered":"<p>[nggallery id=&#8221;6&#8243;]<\/p>\n","protected":false},"excerpt":{"rendered":"[nggallery id=&#8221;6&#8243;]\n","protected":false},"author":2,"featured_media":0,"parent":0,"menu_order":0,"comment_status":"closed","ping_status":"closed","template":"","meta":{"footnotes":""},"class_list":["post-1195","page","type-page","status-publish","hentry"],"_links":{"self":[{"href":"https:\/\/trojcazambrow.pl\/index.php\/wp-json\/wp\/v2\/pages\/1195","targetHints":{"allow":["GET"]}}],"collection":[{"href":"https:\/\/trojcazambrow.pl\/index.php\/wp-json\/wp\/v2\/pages"}],"about":[{"href":"https:\/\/trojcazambrow.pl\/index.php\/wp-json\/wp\/v2\/types\/page"}],"author":[{"embeddable":true,"href":"https:\/\/trojcazambrow.pl\/index.php\/wp-json\/wp\/v2\/users\/2"}],"replies":[{"embeddable":true,"href":"https:\/\/trojcazambrow.pl\/index.php\/wp-json\/wp\/v2\/comments?post=1195"}],"version-history":[{"count":0,"href":"https:\/\/trojcazambrow.pl\/index.php\/wp-json\/wp\/v2\/pages\/1195\/revisions"}],"wp:attachment":[{"href":"https:\/\/trojcazambrow.pl\/index.php\/wp-json\/wp\/v2\/media?parent=1195"}],"curies":[{"name":"wp","href":"https:\/\/api.w.org\/{rel}","templated":true}]}}