{"id":21,"date":"2020-10-02T03:59:16","date_gmt":"2020-10-02T04:59:16","guid":{"rendered":"http:\/\/trojcazambrow.pl\/?page_id=21"},"modified":"2020-10-09T05:17:15","modified_gmt":"2020-10-09T06:17:15","slug":"zasieg-parafii","status":"publish","type":"page","link":"https:\/\/trojcazambrow.pl\/index.php\/zasieg-parafii\/","title":{"rendered":"Zasi\u0119g"},"content":{"rendered":"\n<p><strong>Do parafii nale\u017c\u0105 miejscowo\u015bci:<\/strong><br>Zambr\u00f3w &#8211; ulice: Chopina, Cmentarna, Fabryczna, Grunwaldzka (nieparzyste), Handlowa, Ko\u015bciuszki, Lipowa, \u0141\u0105kowa, \u0141om\u017cy\u0144ska (nieparzyste, parzyste 2 i 4), Mazowiecka, Mickiewicza, Moniuszki, Obro\u0144c\u00f3w Zambrowa, Ogrodowa (do nr 22), Ostrowska, Polowa, Po\u015bwi\u0119tna, 71 Pu\u0142ku Piechoty, Raginisa, Sikorskiego (nieparzyste), \u015awi\u0119tokrzyska, W\u0105do\u0142kowska, Wiejska, Wilsona (nr 1), Wojska Polskiego (parzyste do 48, nieparzyste do nr 39);<br>Grzyma\u0142y (4), Krajewo Bia\u0142e (7), Krajewo Borowe (7), Krajewo Korytki (6), Krajewo \u0141\u0119towo (6), Krajewo Stare (6), Laskowice Nowy (7), Laskowice Stary (5), S\u0119dziwuje (3), W\u0105do\u0142ki Borowe (4,5), W\u0105do\u0142ki Bu\u0107ki (3,5), W\u0105do\u0142ki Stare (4), Wdzi\u0119ko\u0144 I (6), Wdzi\u0119ko\u0144 II (7), Wola Zambrowska (2,5), Zakrzewo Nowe (4), Zakrzewo Stare (5).<\/p>\n\n\n\n<p><strong>Liczba wiernych: 9 030<\/strong><\/p>\n","protected":false},"excerpt":{"rendered":"Do parafii nale\u017c\u0105 miejscowo\u015bci:Zambr\u00f3w &#8211; ulice: Chopina, Cmentarna, Fabryczna, Grunwaldzka (nieparzyste), Handlowa, Ko\u015bciuszki, Lipowa, \u0141\u0105kowa, \u0141om\u017cy\u0144ska (nieparzyste, parzyste 2 i 4), Mazowiecka, Mickiewicza, Moniuszki, Obro\u0144c\u00f3w Zambrowa, Ogrodowa (do nr 22), Ostrowska, Polowa, Po\u015bwi\u0119tna, 71 Pu\u0142ku Piechoty, Raginisa, Sikorskiego (nieparzyste), \u015awi\u0119tokrzyska, W\u0105do\u0142kowska, Wiejska, Wilsona (nr 1), Wojska Polskiego (parzyste do 48,&hellip;\n","protected":false},"author":1,"featured_media":0,"parent":0,"menu_order":0,"comment_status":"closed","ping_status":"closed","template":"","meta":{"footnotes":""},"class_list":["post-21","page","type-page","status-publish","hentry"],"_links":{"self":[{"href":"https:\/\/trojcazambrow.pl\/index.php\/wp-json\/wp\/v2\/pages\/21","targetHints":{"allow":["GET"]}}],"collection":[{"href":"https:\/\/trojcazambrow.pl\/index.php\/wp-json\/wp\/v2\/pages"}],"about":[{"href":"https:\/\/trojcazambrow.pl\/index.php\/wp-json\/wp\/v2\/types\/page"}],"author":[{"embeddable":true,"href":"https:\/\/trojcazambrow.pl\/index.php\/wp-json\/wp\/v2\/users\/1"}],"replies":[{"embeddable":true,"href":"https:\/\/trojcazambrow.pl\/index.php\/wp-json\/wp\/v2\/comments?post=21"}],"version-history":[{"count":2,"href":"https:\/\/trojcazambrow.pl\/index.php\/wp-json\/wp\/v2\/pages\/21\/revisions"}],"predecessor-version":[{"id":228,"href":"https:\/\/trojcazambrow.pl\/index.php\/wp-json\/wp\/v2\/pages\/21\/revisions\/228"}],"wp:attachment":[{"href":"https:\/\/trojcazambrow.pl\/index.php\/wp-json\/wp\/v2\/media?parent=21"}],"curies":[{"name":"wp","href":"https:\/\/api.w.org\/{rel}","templated":true}]}}