{"id":238,"date":"2020-10-12T06:17:10","date_gmt":"2020-10-12T07:17:10","guid":{"rendered":"http:\/\/trojcazambrow.pl\/?page_id=238"},"modified":"2020-10-12T06:19:12","modified_gmt":"2020-10-12T07:19:12","slug":"roze-zywego-rozanca-w-parafii-trojcy-przenajswietszej-w-zambrowie","status":"publish","type":"page","link":"https:\/\/trojcazambrow.pl\/index.php\/roze-zywego-rozanca-w-parafii-trojcy-przenajswietszej-w-zambrowie\/","title":{"rendered":"\u017bywy R\u00f3\u017caniec"},"content":{"rendered":"\n<p>R\u00f3\u017ce \u017bywego R\u00f3\u017ca\u0144ca w Parafii Tr\u00f3jcy Przenaj\u015bwi\u0119tszej w Zambrowie<\/p>\n\n\n\n<p>R\u00f3\u017caniec to modlitwa pulsuj\u0105ca mi\u0142o\u015bci\u0105, daj\u0105ca rado\u015b\u0107, nios\u0105ca ukojenie.&nbsp;<br>\u017bywy R\u00f3\u017caniec sk\u0142ada si\u0119 z \u017bYWYCH R\u00d3\u017b. Ka\u017cda R\u00f3\u017ca posiada dwadzie\u015bcia os\u00f3b, z kt\u00f3rych ka\u017cda odmawia codziennie jeden dziesi\u0105tek r\u00f3\u017ca\u0144ca czyli jedn\u0105 tajemnic\u0119, po\u0142\u0105czon\u0105 z rozwa\u017caniem. W ten spos\u00f3b odmawiany jest w R\u00f3\u017cy codziennie ca\u0142y R\u00f3\u017caniec \u2013 dwadzie\u015bcia tajemnic. Jest to jakby wieniec r\u00f3\u017cany sk\u0142adany u st\u00f3p Kr\u00f3lowej. A ka\u017cda modl\u0105ca si\u0119 osoba jest pi\u0119knym p\u0142atkiem w R\u00f3\u017cy R\u00f3\u017ca\u0144cowej.&nbsp;<br>Cz\u0142onkowie R\u00f3\u017c staraj\u0105 si\u0119 \u017cy\u0107 wed\u0142ug Ewangelii, kt\u00f3ra jest fundamentem i \u017ar\u00f3d\u0142em \u017cycia chrze\u015bcija\u0144skiego. Na pocz\u0105tku modlitwy r\u00f3\u017ca\u0144cowej prosimy o umocnienie wiary nadziei i mi\u0142o\u015bci. Dzieje si\u0119 tak dlatego, \u017ce b\u0119d\u0105c w apostolstwie r\u00f3\u017ca\u0144cowym ci\u0105gle uczymy si\u0119 wierzy\u0107 Bogu, kt\u00f3ry do nas przemawia, kt\u00f3ry nas kocha oraz kocha\u0107 Boga, a w Bogu ludzi. Przez wstawiennictwo Matki Bo\u017cej polecamy Bogu intencje ca\u0142ego Ko\u015bcio\u0142a, powierzamy Ojczyzn\u0119, pok\u00f3j na \u015bwiecie, Kap\u0142an\u00f3w, nasz\u0105 Parafie, nasze Rodziny. Naszym wzorem w umi\u0142owaniu modlitwy r\u00f3\u017ca\u0144cowej jest \u015awi\u0119ty Jan Pawe\u0142 II kt\u00f3ry m\u00f3wi\u0142:&nbsp;<br><em>\u00abModlitwa r\u00f3\u017ca\u0144cowa jest modlitw\u0105 cz\u0142owieka za cz\u0142owieka; jest modlitw\u0105 ludzkiej solidarno\u015bci, modlitw\u0105 wsp\u00f3ln\u0105 odkupionych, kt\u00f3ra odbija w sobie ducha i intencje pierwszej z odkupionych, Maryi, Matki i obrazu Ko\u015bcio\u0142a; jest modlitw\u0105 za wszystkich ludzi \u015bwiata i historii, \u017cywych i umar\u0142ych, powo\u0142anych do tworzenia wraz z nami Cia\u0142a Chrystusa i do stania si\u0119 wraz z Nim wsp\u00f3\u0142dziedzicami chwa\u0142y Ojca\u00bb.<\/em><br><br>Aktualnie w naszej parafii istnieje 9 R\u00f3\u017c \u017bywego R\u00f3\u017ca\u0144ca<\/p>\n","protected":false},"excerpt":{"rendered":"R\u00f3\u017ce \u017bywego R\u00f3\u017ca\u0144ca w Parafii Tr\u00f3jcy Przenaj\u015bwi\u0119tszej w Zambrowie R\u00f3\u017caniec to modlitwa pulsuj\u0105ca mi\u0142o\u015bci\u0105, daj\u0105ca rado\u015b\u0107, nios\u0105ca ukojenie.&nbsp;\u017bywy R\u00f3\u017caniec sk\u0142ada si\u0119 z \u017bYWYCH R\u00d3\u017b. Ka\u017cda R\u00f3\u017ca posiada dwadzie\u015bcia os\u00f3b, z kt\u00f3rych ka\u017cda odmawia codziennie jeden dziesi\u0105tek r\u00f3\u017ca\u0144ca czyli jedn\u0105 tajemnic\u0119, po\u0142\u0105czon\u0105 z rozwa\u017caniem. W ten spos\u00f3b odmawiany jest w R\u00f3\u017cy&hellip;\n","protected":false},"author":2,"featured_media":0,"parent":0,"menu_order":0,"comment_status":"closed","ping_status":"closed","template":"","meta":{"footnotes":""},"class_list":["post-238","page","type-page","status-publish","hentry"],"_links":{"self":[{"href":"https:\/\/trojcazambrow.pl\/index.php\/wp-json\/wp\/v2\/pages\/238","targetHints":{"allow":["GET"]}}],"collection":[{"href":"https:\/\/trojcazambrow.pl\/index.php\/wp-json\/wp\/v2\/pages"}],"about":[{"href":"https:\/\/trojcazambrow.pl\/index.php\/wp-json\/wp\/v2\/types\/page"}],"author":[{"embeddable":true,"href":"https:\/\/trojcazambrow.pl\/index.php\/wp-json\/wp\/v2\/users\/2"}],"replies":[{"embeddable":true,"href":"https:\/\/trojcazambrow.pl\/index.php\/wp-json\/wp\/v2\/comments?post=238"}],"version-history":[{"count":2,"href":"https:\/\/trojcazambrow.pl\/index.php\/wp-json\/wp\/v2\/pages\/238\/revisions"}],"predecessor-version":[{"id":241,"href":"https:\/\/trojcazambrow.pl\/index.php\/wp-json\/wp\/v2\/pages\/238\/revisions\/241"}],"wp:attachment":[{"href":"https:\/\/trojcazambrow.pl\/index.php\/wp-json\/wp\/v2\/media?parent=238"}],"curies":[{"name":"wp","href":"https:\/\/api.w.org\/{rel}","templated":true}]}}