{"id":2562,"date":"2024-03-14T07:59:00","date_gmt":"2024-03-14T08:59:00","guid":{"rendered":"https:\/\/trojcazambrow.pl\/?page_id=2562"},"modified":"2024-04-22T18:43:03","modified_gmt":"2024-04-22T19:43:03","slug":"remont-neoromanskiej-kaplicy-rodziny-woyczynskich-z-1870-r-w-zambrowie","status":"publish","type":"page","link":"https:\/\/trojcazambrow.pl\/index.php\/remont-neoromanskiej-kaplicy-rodziny-woyczynskich-z-1870-r-w-zambrowie\/","title":{"rendered":"Remont neoroma\u0144skiej kaplicy rodziny Woyczy\u0144skich z 1870 r. w Zambrowie."},"content":{"rendered":"\n<p>dofinansowane z Rz\u0105dowego Programu Odbudowy Zabytk\u00f3w<\/p>\n\n\n\n<figure class=\"wp-block-image size-large\"><img loading=\"lazy\" decoding=\"async\" width=\"745\" height=\"1024\" src=\"https:\/\/trojcazambrow.pl\/wp-content\/uploads\/2024\/04\/Zawiadomienie-o-wyborze-oferty_kaplica-murowana-745x1024.jpeg\" alt=\"\" class=\"wp-image-2672\" srcset=\"https:\/\/trojcazambrow.pl\/wp-content\/uploads\/2024\/04\/Zawiadomienie-o-wyborze-oferty_kaplica-murowana-745x1024.jpeg 745w, https:\/\/trojcazambrow.pl\/wp-content\/uploads\/2024\/04\/Zawiadomienie-o-wyborze-oferty_kaplica-murowana-218x300.jpeg 218w, https:\/\/trojcazambrow.pl\/wp-content\/uploads\/2024\/04\/Zawiadomienie-o-wyborze-oferty_kaplica-murowana-768x1056.jpeg 768w, https:\/\/trojcazambrow.pl\/wp-content\/uploads\/2024\/04\/Zawiadomienie-o-wyborze-oferty_kaplica-murowana-1117x1536.jpeg 1117w, https:\/\/trojcazambrow.pl\/wp-content\/uploads\/2024\/04\/Zawiadomienie-o-wyborze-oferty_kaplica-murowana-1489x2048.jpeg 1489w, https:\/\/trojcazambrow.pl\/wp-content\/uploads\/2024\/04\/Zawiadomienie-o-wyborze-oferty_kaplica-murowana-scaled.jpeg 1861w\" sizes=\"auto, (max-width: 745px) 100vw, 745px\" \/><\/figure>\n\n\n\n\n\n\n\n\n\n\n\n\n\n<figure class=\"wp-block-image size-large\"><img loading=\"lazy\" decoding=\"async\" width=\"745\" height=\"1024\" src=\"https:\/\/trojcazambrow.pl\/wp-content\/uploads\/2024\/03\/Starosta_zezwolenie_Woyczynskich1-745x1024.jpeg\" alt=\"\" class=\"wp-image-2578\" srcset=\"https:\/\/trojcazambrow.pl\/wp-content\/uploads\/2024\/03\/Starosta_zezwolenie_Woyczynskich1-745x1024.jpeg 745w, https:\/\/trojcazambrow.pl\/wp-content\/uploads\/2024\/03\/Starosta_zezwolenie_Woyczynskich1-218x300.jpeg 218w, https:\/\/trojcazambrow.pl\/wp-content\/uploads\/2024\/03\/Starosta_zezwolenie_Woyczynskich1-768x1056.jpeg 768w, https:\/\/trojcazambrow.pl\/wp-content\/uploads\/2024\/03\/Starosta_zezwolenie_Woyczynskich1-1117x1536.jpeg 1117w, https:\/\/trojcazambrow.pl\/wp-content\/uploads\/2024\/03\/Starosta_zezwolenie_Woyczynskich1-1489x2048.jpeg 1489w, https:\/\/trojcazambrow.pl\/wp-content\/uploads\/2024\/03\/Starosta_zezwolenie_Woyczynskich1-scaled.jpeg 1861w\" sizes=\"auto, (max-width: 745px) 100vw, 745px\" \/><\/figure>\n\n\n\n<p> <\/p>\n\n\n\n<figure class=\"wp-block-image size-large\"><img loading=\"lazy\" decoding=\"async\" width=\"745\" height=\"1024\" src=\"https:\/\/trojcazambrow.pl\/wp-content\/uploads\/2024\/03\/Starosta_zezwolenie_Woyczynskich2-745x1024.jpeg\" alt=\"\" class=\"wp-image-2580\" srcset=\"https:\/\/trojcazambrow.pl\/wp-content\/uploads\/2024\/03\/Starosta_zezwolenie_Woyczynskich2-745x1024.jpeg 745w, https:\/\/trojcazambrow.pl\/wp-content\/uploads\/2024\/03\/Starosta_zezwolenie_Woyczynskich2-218x300.jpeg 218w, https:\/\/trojcazambrow.pl\/wp-content\/uploads\/2024\/03\/Starosta_zezwolenie_Woyczynskich2-768x1056.jpeg 768w, https:\/\/trojcazambrow.pl\/wp-content\/uploads\/2024\/03\/Starosta_zezwolenie_Woyczynskich2-1117x1536.jpeg 1117w, https:\/\/trojcazambrow.pl\/wp-content\/uploads\/2024\/03\/Starosta_zezwolenie_Woyczynskich2-1489x2048.jpeg 1489w, https:\/\/trojcazambrow.pl\/wp-content\/uploads\/2024\/03\/Starosta_zezwolenie_Woyczynskich2-scaled.jpeg 1861w\" sizes=\"auto, (max-width: 745px) 100vw, 745px\" \/><\/figure>\n\n\n\n<figure class=\"wp-block-image size-large is-resized\"><img loading=\"lazy\" decoding=\"async\" width=\"745\" height=\"1024\" src=\"https:\/\/trojcazambrow.pl\/wp-content\/uploads\/2024\/03\/Konserwator_pozwolenie_neoromanska1-745x1024.jpeg\" alt=\"\" class=\"wp-image-2581\" style=\"width:710px;height:auto\" srcset=\"https:\/\/trojcazambrow.pl\/wp-content\/uploads\/2024\/03\/Konserwator_pozwolenie_neoromanska1-745x1024.jpeg 745w, https:\/\/trojcazambrow.pl\/wp-content\/uploads\/2024\/03\/Konserwator_pozwolenie_neoromanska1-218x300.jpeg 218w, https:\/\/trojcazambrow.pl\/wp-content\/uploads\/2024\/03\/Konserwator_pozwolenie_neoromanska1-768x1056.jpeg 768w, https:\/\/trojcazambrow.pl\/wp-content\/uploads\/2024\/03\/Konserwator_pozwolenie_neoromanska1-1117x1536.jpeg 1117w, https:\/\/trojcazambrow.pl\/wp-content\/uploads\/2024\/03\/Konserwator_pozwolenie_neoromanska1-1489x2048.jpeg 1489w, https:\/\/trojcazambrow.pl\/wp-content\/uploads\/2024\/03\/Konserwator_pozwolenie_neoromanska1-scaled.jpeg 1861w\" sizes=\"auto, (max-width: 745px) 100vw, 745px\" \/><\/figure>\n\n\n\n<figure class=\"wp-block-image size-large is-resized\"><img loading=\"lazy\" decoding=\"async\" width=\"745\" height=\"1024\" src=\"https:\/\/trojcazambrow.pl\/wp-content\/uploads\/2024\/03\/Konserwator_pozwolenie_neoromanska2-745x1024.jpeg\" alt=\"\" class=\"wp-image-2582\" style=\"width:710px;height:auto\" srcset=\"https:\/\/trojcazambrow.pl\/wp-content\/uploads\/2024\/03\/Konserwator_pozwolenie_neoromanska2-745x1024.jpeg 745w, https:\/\/trojcazambrow.pl\/wp-content\/uploads\/2024\/03\/Konserwator_pozwolenie_neoromanska2-218x300.jpeg 218w, https:\/\/trojcazambrow.pl\/wp-content\/uploads\/2024\/03\/Konserwator_pozwolenie_neoromanska2-768x1056.jpeg 768w, https:\/\/trojcazambrow.pl\/wp-content\/uploads\/2024\/03\/Konserwator_pozwolenie_neoromanska2-1117x1536.jpeg 1117w, https:\/\/trojcazambrow.pl\/wp-content\/uploads\/2024\/03\/Konserwator_pozwolenie_neoromanska2-1489x2048.jpeg 1489w, https:\/\/trojcazambrow.pl\/wp-content\/uploads\/2024\/03\/Konserwator_pozwolenie_neoromanska2-scaled.jpeg 1861w\" sizes=\"auto, (max-width: 745px) 100vw, 745px\" \/><\/figure>\n\n\n\n<figure class=\"wp-block-image size-large\"><img loading=\"lazy\" decoding=\"async\" width=\"745\" height=\"1024\" src=\"https:\/\/trojcazambrow.pl\/wp-content\/uploads\/2024\/03\/Konserwator_pozwolenie_neoromanska3-745x1024.jpeg\" alt=\"\" class=\"wp-image-2583\" srcset=\"https:\/\/trojcazambrow.pl\/wp-content\/uploads\/2024\/03\/Konserwator_pozwolenie_neoromanska3-745x1024.jpeg 745w, https:\/\/trojcazambrow.pl\/wp-content\/uploads\/2024\/03\/Konserwator_pozwolenie_neoromanska3-218x300.jpeg 218w, https:\/\/trojcazambrow.pl\/wp-content\/uploads\/2024\/03\/Konserwator_pozwolenie_neoromanska3-768x1056.jpeg 768w, https:\/\/trojcazambrow.pl\/wp-content\/uploads\/2024\/03\/Konserwator_pozwolenie_neoromanska3-1117x1536.jpeg 1117w, https:\/\/trojcazambrow.pl\/wp-content\/uploads\/2024\/03\/Konserwator_pozwolenie_neoromanska3-1489x2048.jpeg 1489w, https:\/\/trojcazambrow.pl\/wp-content\/uploads\/2024\/03\/Konserwator_pozwolenie_neoromanska3-scaled.jpeg 1861w\" sizes=\"auto, (max-width: 745px) 100vw, 745px\" \/><\/figure>\n\n\n\n<figure class=\"wp-block-image size-large\"><img loading=\"lazy\" decoding=\"async\" width=\"745\" height=\"1024\" src=\"https:\/\/trojcazambrow.pl\/wp-content\/uploads\/2024\/03\/Konserwator_pozwolenie_neoromanska4-745x1024.jpeg\" alt=\"\" class=\"wp-image-2584\" srcset=\"https:\/\/trojcazambrow.pl\/wp-content\/uploads\/2024\/03\/Konserwator_pozwolenie_neoromanska4-745x1024.jpeg 745w, https:\/\/trojcazambrow.pl\/wp-content\/uploads\/2024\/03\/Konserwator_pozwolenie_neoromanska4-218x300.jpeg 218w, https:\/\/trojcazambrow.pl\/wp-content\/uploads\/2024\/03\/Konserwator_pozwolenie_neoromanska4-768x1056.jpeg 768w, https:\/\/trojcazambrow.pl\/wp-content\/uploads\/2024\/03\/Konserwator_pozwolenie_neoromanska4-1117x1536.jpeg 1117w, https:\/\/trojcazambrow.pl\/wp-content\/uploads\/2024\/03\/Konserwator_pozwolenie_neoromanska4-1489x2048.jpeg 1489w, https:\/\/trojcazambrow.pl\/wp-content\/uploads\/2024\/03\/Konserwator_pozwolenie_neoromanska4-scaled.jpeg 1861w\" sizes=\"auto, (max-width: 745px) 100vw, 745px\" \/><\/figure>\n\n\n\n\n\n\n\n<hr class=\"wp-block-separator has-alpha-channel-opacity\"\/>\n\n\n\n<p><strong><em>Za\u0142\u0105czniki:<\/em><\/strong><\/p>\n\n\n\n<p><a href=\"https:\/\/trojcazambrow.pl\/wp-content\/uploads\/2024\/03\/Zapytanie-ofertowe.pdf\">Zapytanie ofertowe plik<\/a><\/p>\n\n\n\n<p><a href=\"https:\/\/trojcazambrow.pl\/wp-content\/uploads\/2024\/03\/zal.-nr-1-Formularz-ofertowy.pdf\">Formularz ofertowy<\/a><\/p>\n\n\n\n<p><a href=\"https:\/\/trojcazambrow.pl\/wp-content\/uploads\/2024\/03\/zal.-nr-2-wzor-umowy.pdf\">Wz\u00f3r umowy<\/a><\/p>\n\n\n\n<p><a href=\"https:\/\/trojcazambrow.pl\/wp-content\/uploads\/2024\/03\/zal.-nr-3-wykaz-robot.pdf\">Wykaz rob\u00f3t<\/a><\/p>\n\n\n\n<p><a href=\"https:\/\/trojcazambrow.pl\/wp-content\/uploads\/2024\/03\/zal.-nr-4-wykaz-osob.pdf\">Wykaz os\u00f3b<\/a><\/p>\n\n\n\n<p><a href=\"https:\/\/trojcazambrow.pl\/wp-content\/uploads\/2024\/03\/Zambrow_kaplica-Woyczynskich_compressed-1.pdf\">Projekt PDF plik<\/a><\/p>\n\n\n\n<p><a href=\"https:\/\/trojcazambrow.pl\/wp-content\/uploads\/2024\/03\/Przedmiar-kaplica-woyczynskich.pdf\">Przedmiar plik<\/a><\/p>\n","protected":false},"excerpt":{"rendered":"dofinansowane z Rz\u0105dowego Programu Odbudowy Zabytk\u00f3w Za\u0142\u0105czniki: Zapytanie ofertowe plik Formularz ofertowy Wz\u00f3r umowy Wykaz rob\u00f3t Wykaz os\u00f3b Projekt PDF plik Przedmiar plik\n","protected":false},"author":2,"featured_media":0,"parent":0,"menu_order":0,"comment_status":"closed","ping_status":"closed","template":"","meta":{"footnotes":""},"class_list":["post-2562","page","type-page","status-publish","hentry"],"_links":{"self":[{"href":"https:\/\/trojcazambrow.pl\/index.php\/wp-json\/wp\/v2\/pages\/2562","targetHints":{"allow":["GET"]}}],"collection":[{"href":"https:\/\/trojcazambrow.pl\/index.php\/wp-json\/wp\/v2\/pages"}],"about":[{"href":"https:\/\/trojcazambrow.pl\/index.php\/wp-json\/wp\/v2\/types\/page"}],"author":[{"embeddable":true,"href":"https:\/\/trojcazambrow.pl\/index.php\/wp-json\/wp\/v2\/users\/2"}],"replies":[{"embeddable":true,"href":"https:\/\/trojcazambrow.pl\/index.php\/wp-json\/wp\/v2\/comments?post=2562"}],"version-history":[{"count":16,"href":"https:\/\/trojcazambrow.pl\/index.php\/wp-json\/wp\/v2\/pages\/2562\/revisions"}],"predecessor-version":[{"id":2673,"href":"https:\/\/trojcazambrow.pl\/index.php\/wp-json\/wp\/v2\/pages\/2562\/revisions\/2673"}],"wp:attachment":[{"href":"https:\/\/trojcazambrow.pl\/index.php\/wp-json\/wp\/v2\/media?parent=2562"}],"curies":[{"name":"wp","href":"https:\/\/api.w.org\/{rel}","templated":true}]}}