{"id":2849,"date":"2024-10-01T12:05:47","date_gmt":"2024-10-01T13:05:47","guid":{"rendered":"https:\/\/trojcazambrow.pl\/?page_id=2849"},"modified":"2024-12-01T19:59:22","modified_gmt":"2024-12-01T20:59:22","slug":"prace-konserwatorskie-w-kosciele-pw-trojcy-przenajswietszej-w-zambrowie","status":"publish","type":"page","link":"https:\/\/trojcazambrow.pl\/index.php\/prace-konserwatorskie-w-kosciele-pw-trojcy-przenajswietszej-w-zambrowie\/","title":{"rendered":"Prace konserwatorskie i restauratorskie we wn\u0119trzu ko\u015bcio\u0142a pw. Tr\u00f3jcy Przenaj\u015bwi\u0119tszej w Zambrowie"},"content":{"rendered":"\n<figure class=\"wp-block-image size-large\"><img loading=\"lazy\" decoding=\"async\" width=\"745\" height=\"1024\" src=\"https:\/\/trojcazambrow.pl\/wp-content\/uploads\/2024\/12\/Zawiadomienie-o-wyborze-najkorzystniejszej-ofety-1-745x1024.jpeg\" alt=\"\" class=\"wp-image-2988\" srcset=\"https:\/\/trojcazambrow.pl\/wp-content\/uploads\/2024\/12\/Zawiadomienie-o-wyborze-najkorzystniejszej-ofety-1-745x1024.jpeg 745w, https:\/\/trojcazambrow.pl\/wp-content\/uploads\/2024\/12\/Zawiadomienie-o-wyborze-najkorzystniejszej-ofety-1-218x300.jpeg 218w, https:\/\/trojcazambrow.pl\/wp-content\/uploads\/2024\/12\/Zawiadomienie-o-wyborze-najkorzystniejszej-ofety-1-768x1056.jpeg 768w, https:\/\/trojcazambrow.pl\/wp-content\/uploads\/2024\/12\/Zawiadomienie-o-wyborze-najkorzystniejszej-ofety-1-1117x1536.jpeg 1117w, https:\/\/trojcazambrow.pl\/wp-content\/uploads\/2024\/12\/Zawiadomienie-o-wyborze-najkorzystniejszej-ofety-1-1489x2048.jpeg 1489w, https:\/\/trojcazambrow.pl\/wp-content\/uploads\/2024\/12\/Zawiadomienie-o-wyborze-najkorzystniejszej-ofety-1-scaled.jpeg 1861w\" sizes=\"auto, (max-width: 745px) 100vw, 745px\" \/><\/figure>\n\n\n\n\n\n<figure class=\"wp-block-image size-large\"><img loading=\"lazy\" decoding=\"async\" width=\"745\" height=\"1024\" src=\"https:\/\/trojcazambrow.pl\/wp-content\/uploads\/2024\/10\/Komunikat_zmiana-terminu-745x1024.jpeg\" alt=\"\" class=\"wp-image-2918\" srcset=\"https:\/\/trojcazambrow.pl\/wp-content\/uploads\/2024\/10\/Komunikat_zmiana-terminu-745x1024.jpeg 745w, https:\/\/trojcazambrow.pl\/wp-content\/uploads\/2024\/10\/Komunikat_zmiana-terminu-218x300.jpeg 218w, https:\/\/trojcazambrow.pl\/wp-content\/uploads\/2024\/10\/Komunikat_zmiana-terminu-768x1056.jpeg 768w, https:\/\/trojcazambrow.pl\/wp-content\/uploads\/2024\/10\/Komunikat_zmiana-terminu-1117x1536.jpeg 1117w, https:\/\/trojcazambrow.pl\/wp-content\/uploads\/2024\/10\/Komunikat_zmiana-terminu-1489x2048.jpeg 1489w, https:\/\/trojcazambrow.pl\/wp-content\/uploads\/2024\/10\/Komunikat_zmiana-terminu-scaled.jpeg 1861w\" sizes=\"auto, (max-width: 745px) 100vw, 745px\" \/><\/figure>\n\n\n\n<figure class=\"wp-block-image size-large\"><img loading=\"lazy\" decoding=\"async\" width=\"745\" height=\"1024\" src=\"https:\/\/trojcazambrow.pl\/wp-content\/uploads\/2024\/10\/Komunikat2-745x1024.jpg\" alt=\"\" class=\"wp-image-2898\" srcset=\"https:\/\/trojcazambrow.pl\/wp-content\/uploads\/2024\/10\/Komunikat2-745x1024.jpg 745w, https:\/\/trojcazambrow.pl\/wp-content\/uploads\/2024\/10\/Komunikat2-218x300.jpg 218w, https:\/\/trojcazambrow.pl\/wp-content\/uploads\/2024\/10\/Komunikat2-768x1056.jpg 768w, https:\/\/trojcazambrow.pl\/wp-content\/uploads\/2024\/10\/Komunikat2-1117x1536.jpg 1117w, https:\/\/trojcazambrow.pl\/wp-content\/uploads\/2024\/10\/Komunikat2-1489x2048.jpg 1489w, https:\/\/trojcazambrow.pl\/wp-content\/uploads\/2024\/10\/Komunikat2-scaled.jpg 1861w\" sizes=\"auto, (max-width: 745px) 100vw, 745px\" \/><\/figure>\n\n\n\n\n\n\n\n\n\n\n\n\n\n\n\n\n\n<figure class=\"wp-block-image size-large\"><img loading=\"lazy\" decoding=\"async\" width=\"745\" height=\"1024\" src=\"https:\/\/trojcazambrow.pl\/wp-content\/uploads\/2024\/10\/Kosciol_malowanie_pozwolenie_konserwator-1-745x1024.jpeg\" alt=\"\" class=\"wp-image-2860\" srcset=\"https:\/\/trojcazambrow.pl\/wp-content\/uploads\/2024\/10\/Kosciol_malowanie_pozwolenie_konserwator-1-745x1024.jpeg 745w, https:\/\/trojcazambrow.pl\/wp-content\/uploads\/2024\/10\/Kosciol_malowanie_pozwolenie_konserwator-1-218x300.jpeg 218w, https:\/\/trojcazambrow.pl\/wp-content\/uploads\/2024\/10\/Kosciol_malowanie_pozwolenie_konserwator-1-768x1056.jpeg 768w, https:\/\/trojcazambrow.pl\/wp-content\/uploads\/2024\/10\/Kosciol_malowanie_pozwolenie_konserwator-1-1117x1536.jpeg 1117w, https:\/\/trojcazambrow.pl\/wp-content\/uploads\/2024\/10\/Kosciol_malowanie_pozwolenie_konserwator-1-1489x2048.jpeg 1489w, https:\/\/trojcazambrow.pl\/wp-content\/uploads\/2024\/10\/Kosciol_malowanie_pozwolenie_konserwator-1-scaled.jpeg 1861w\" sizes=\"auto, (max-width: 745px) 100vw, 745px\" \/><\/figure>\n\n\n\n<figure class=\"wp-block-image size-large\"><img loading=\"lazy\" decoding=\"async\" width=\"745\" height=\"1024\" src=\"https:\/\/trojcazambrow.pl\/wp-content\/uploads\/2024\/10\/Kosciol_malowanie_pozwolenie_konserwator-2-745x1024.jpeg\" alt=\"\" class=\"wp-image-2861\" srcset=\"https:\/\/trojcazambrow.pl\/wp-content\/uploads\/2024\/10\/Kosciol_malowanie_pozwolenie_konserwator-2-745x1024.jpeg 745w, https:\/\/trojcazambrow.pl\/wp-content\/uploads\/2024\/10\/Kosciol_malowanie_pozwolenie_konserwator-2-218x300.jpeg 218w, https:\/\/trojcazambrow.pl\/wp-content\/uploads\/2024\/10\/Kosciol_malowanie_pozwolenie_konserwator-2-768x1056.jpeg 768w, https:\/\/trojcazambrow.pl\/wp-content\/uploads\/2024\/10\/Kosciol_malowanie_pozwolenie_konserwator-2-1117x1536.jpeg 1117w, https:\/\/trojcazambrow.pl\/wp-content\/uploads\/2024\/10\/Kosciol_malowanie_pozwolenie_konserwator-2-1489x2048.jpeg 1489w, https:\/\/trojcazambrow.pl\/wp-content\/uploads\/2024\/10\/Kosciol_malowanie_pozwolenie_konserwator-2-scaled.jpeg 1861w\" sizes=\"auto, (max-width: 745px) 100vw, 745px\" \/><\/figure>\n\n\n\n<figure class=\"wp-block-image size-large\"><img loading=\"lazy\" decoding=\"async\" width=\"745\" height=\"1024\" src=\"https:\/\/trojcazambrow.pl\/wp-content\/uploads\/2024\/10\/Kosciol_malowanie_pozwolenie_konserwator-3-745x1024.jpeg\" alt=\"\" class=\"wp-image-2862\" srcset=\"https:\/\/trojcazambrow.pl\/wp-content\/uploads\/2024\/10\/Kosciol_malowanie_pozwolenie_konserwator-3-745x1024.jpeg 745w, https:\/\/trojcazambrow.pl\/wp-content\/uploads\/2024\/10\/Kosciol_malowanie_pozwolenie_konserwator-3-218x300.jpeg 218w, https:\/\/trojcazambrow.pl\/wp-content\/uploads\/2024\/10\/Kosciol_malowanie_pozwolenie_konserwator-3-768x1056.jpeg 768w, https:\/\/trojcazambrow.pl\/wp-content\/uploads\/2024\/10\/Kosciol_malowanie_pozwolenie_konserwator-3-1117x1536.jpeg 1117w, https:\/\/trojcazambrow.pl\/wp-content\/uploads\/2024\/10\/Kosciol_malowanie_pozwolenie_konserwator-3-1489x2048.jpeg 1489w, https:\/\/trojcazambrow.pl\/wp-content\/uploads\/2024\/10\/Kosciol_malowanie_pozwolenie_konserwator-3-scaled.jpeg 1861w\" sizes=\"auto, (max-width: 745px) 100vw, 745px\" \/><\/figure>\n\n\n\n<p>Pliki do pobrania:<\/p>\n\n\n\n<div class=\"wp-block-file\"><a id=\"wp-block-file--media-23eb71f2-b2bf-4c1a-ad0d-d370062cfde0\" href=\"https:\/\/trojcazambrow.pl\/wp-content\/uploads\/2024\/10\/Zapytanie-ofertowe-1.doc\">Zapytanie ofertowe<\/a><a href=\"https:\/\/trojcazambrow.pl\/wp-content\/uploads\/2024\/10\/Zapytanie-ofertowe-1.doc\" class=\"wp-block-file__button wp-element-button\" download aria-describedby=\"wp-block-file--media-23eb71f2-b2bf-4c1a-ad0d-d370062cfde0\">Pobierz<\/a><\/div>\n\n\n\n<div class=\"wp-block-file\"><a id=\"wp-block-file--media-2c40ab29-3e9d-46cd-963b-8c2ad5aedc05\" href=\"https:\/\/trojcazambrow.pl\/wp-content\/uploads\/2024\/10\/zal.-nr-1-Formularz-ofertowy-1.doc\">za\u0142. nr 1 &#8211; Formularz ofertowy<\/a><a href=\"https:\/\/trojcazambrow.pl\/wp-content\/uploads\/2024\/10\/zal.-nr-1-Formularz-ofertowy-1.doc\" class=\"wp-block-file__button wp-element-button\" download aria-describedby=\"wp-block-file--media-2c40ab29-3e9d-46cd-963b-8c2ad5aedc05\">Pobierz<\/a><\/div>\n\n\n\n<div class=\"wp-block-file\"><a id=\"wp-block-file--media-d47cdf7f-3396-41c9-a78c-a9ddfb8dd468\" href=\"https:\/\/trojcazambrow.pl\/wp-content\/uploads\/2024\/10\/zal.-nr-2-wzor-umowy-1.doc\">za\u0142. nr 2 &#8211; wz\u00f3r umowy<\/a><a href=\"https:\/\/trojcazambrow.pl\/wp-content\/uploads\/2024\/10\/zal.-nr-2-wzor-umowy-1.doc\" class=\"wp-block-file__button wp-element-button\" download aria-describedby=\"wp-block-file--media-d47cdf7f-3396-41c9-a78c-a9ddfb8dd468\">Pobierz<\/a><\/div>\n\n\n\n<div class=\"wp-block-file\"><a id=\"wp-block-file--media-c84025eb-8a1b-4d1b-85f8-c13ba30bc8e8\" href=\"https:\/\/trojcazambrow.pl\/wp-content\/uploads\/2024\/10\/zal.-nr-3-wykaz-robot.doc\">za\u0142. nr 3 &#8211; wykaz rob\u00f3t<\/a><a href=\"https:\/\/trojcazambrow.pl\/wp-content\/uploads\/2024\/10\/zal.-nr-3-wykaz-robot.doc\" class=\"wp-block-file__button wp-element-button\" download aria-describedby=\"wp-block-file--media-c84025eb-8a1b-4d1b-85f8-c13ba30bc8e8\">Pobierz<\/a><\/div>\n\n\n\n<div class=\"wp-block-file\"><a id=\"wp-block-file--media-1235947f-459a-47cc-a809-5dd3a85bc790\" href=\"https:\/\/trojcazambrow.pl\/wp-content\/uploads\/2024\/10\/zal.-nr-4-wykaz-osob-1.doc\">za\u0142. nr 4 &#8211; wykaz os\u00f3b<\/a><a href=\"https:\/\/trojcazambrow.pl\/wp-content\/uploads\/2024\/10\/zal.-nr-4-wykaz-osob-1.doc\" class=\"wp-block-file__button wp-element-button\" download aria-describedby=\"wp-block-file--media-1235947f-459a-47cc-a809-5dd3a85bc790\">Pobierz<\/a><\/div>\n\n\n\n<p><a href=\"https:\/\/trojcazambrow.pl\/wp-content\/uploads\/2024\/10\/przedmiar-prac-Zambrow.pdf\">Przedmiar prac &#8211; plik<\/a><\/p>\n\n\n\n<p><a href=\"https:\/\/trojcazambrow.pl\/wp-content\/uploads\/2024\/10\/ZAMBROW-kosciol-BADANIA-poprawione-strony1.pdf\">Badania &#8211; plik<\/a><\/p>\n\n\n\n<figure class=\"wp-block-gallery has-nested-images columns-default is-cropped wp-block-gallery-1 is-layout-flex wp-block-gallery-is-layout-flex\">\n<figure class=\"wp-block-image size-large\"><img loading=\"lazy\" decoding=\"async\" width=\"745\" height=\"1024\" data-id=\"2860\" src=\"https:\/\/trojcazambrow.pl\/wp-content\/uploads\/2024\/10\/Kosciol_malowanie_pozwolenie_konserwator-1-745x1024.jpeg\" alt=\"\" class=\"wp-image-2860\" srcset=\"https:\/\/trojcazambrow.pl\/wp-content\/uploads\/2024\/10\/Kosciol_malowanie_pozwolenie_konserwator-1-745x1024.jpeg 745w, https:\/\/trojcazambrow.pl\/wp-content\/uploads\/2024\/10\/Kosciol_malowanie_pozwolenie_konserwator-1-218x300.jpeg 218w, https:\/\/trojcazambrow.pl\/wp-content\/uploads\/2024\/10\/Kosciol_malowanie_pozwolenie_konserwator-1-768x1056.jpeg 768w, https:\/\/trojcazambrow.pl\/wp-content\/uploads\/2024\/10\/Kosciol_malowanie_pozwolenie_konserwator-1-1117x1536.jpeg 1117w, https:\/\/trojcazambrow.pl\/wp-content\/uploads\/2024\/10\/Kosciol_malowanie_pozwolenie_konserwator-1-1489x2048.jpeg 1489w, https:\/\/trojcazambrow.pl\/wp-content\/uploads\/2024\/10\/Kosciol_malowanie_pozwolenie_konserwator-1-scaled.jpeg 1861w\" sizes=\"auto, (max-width: 745px) 100vw, 745px\" \/><\/figure>\n\n\n\n<figure class=\"wp-block-image size-large\"><img loading=\"lazy\" decoding=\"async\" width=\"745\" height=\"1024\" data-id=\"2861\" src=\"https:\/\/trojcazambrow.pl\/wp-content\/uploads\/2024\/10\/Kosciol_malowanie_pozwolenie_konserwator-2-745x1024.jpeg\" alt=\"\" class=\"wp-image-2861\" srcset=\"https:\/\/trojcazambrow.pl\/wp-content\/uploads\/2024\/10\/Kosciol_malowanie_pozwolenie_konserwator-2-745x1024.jpeg 745w, https:\/\/trojcazambrow.pl\/wp-content\/uploads\/2024\/10\/Kosciol_malowanie_pozwolenie_konserwator-2-218x300.jpeg 218w, https:\/\/trojcazambrow.pl\/wp-content\/uploads\/2024\/10\/Kosciol_malowanie_pozwolenie_konserwator-2-768x1056.jpeg 768w, https:\/\/trojcazambrow.pl\/wp-content\/uploads\/2024\/10\/Kosciol_malowanie_pozwolenie_konserwator-2-1117x1536.jpeg 1117w, https:\/\/trojcazambrow.pl\/wp-content\/uploads\/2024\/10\/Kosciol_malowanie_pozwolenie_konserwator-2-1489x2048.jpeg 1489w, https:\/\/trojcazambrow.pl\/wp-content\/uploads\/2024\/10\/Kosciol_malowanie_pozwolenie_konserwator-2-scaled.jpeg 1861w\" sizes=\"auto, (max-width: 745px) 100vw, 745px\" \/><\/figure>\n\n\n\n<figure class=\"wp-block-image size-large\"><img loading=\"lazy\" decoding=\"async\" width=\"745\" height=\"1024\" data-id=\"2862\" src=\"https:\/\/trojcazambrow.pl\/wp-content\/uploads\/2024\/10\/Kosciol_malowanie_pozwolenie_konserwator-3-745x1024.jpeg\" alt=\"\" class=\"wp-image-2862\" srcset=\"https:\/\/trojcazambrow.pl\/wp-content\/uploads\/2024\/10\/Kosciol_malowanie_pozwolenie_konserwator-3-745x1024.jpeg 745w, https:\/\/trojcazambrow.pl\/wp-content\/uploads\/2024\/10\/Kosciol_malowanie_pozwolenie_konserwator-3-218x300.jpeg 218w, https:\/\/trojcazambrow.pl\/wp-content\/uploads\/2024\/10\/Kosciol_malowanie_pozwolenie_konserwator-3-768x1056.jpeg 768w, https:\/\/trojcazambrow.pl\/wp-content\/uploads\/2024\/10\/Kosciol_malowanie_pozwolenie_konserwator-3-1117x1536.jpeg 1117w, https:\/\/trojcazambrow.pl\/wp-content\/uploads\/2024\/10\/Kosciol_malowanie_pozwolenie_konserwator-3-1489x2048.jpeg 1489w, https:\/\/trojcazambrow.pl\/wp-content\/uploads\/2024\/10\/Kosciol_malowanie_pozwolenie_konserwator-3-scaled.jpeg 1861w\" sizes=\"auto, (max-width: 745px) 100vw, 745px\" \/><\/figure>\n<\/figure>\n","protected":false},"excerpt":{"rendered":"Pliki do pobrania: Przedmiar prac &#8211; plik Badania &#8211; plik\n","protected":false},"author":2,"featured_media":0,"parent":0,"menu_order":0,"comment_status":"closed","ping_status":"closed","template":"","meta":{"footnotes":""},"class_list":["post-2849","page","type-page","status-publish","hentry"],"_links":{"self":[{"href":"https:\/\/trojcazambrow.pl\/index.php\/wp-json\/wp\/v2\/pages\/2849","targetHints":{"allow":["GET"]}}],"collection":[{"href":"https:\/\/trojcazambrow.pl\/index.php\/wp-json\/wp\/v2\/pages"}],"about":[{"href":"https:\/\/trojcazambrow.pl\/index.php\/wp-json\/wp\/v2\/types\/page"}],"author":[{"embeddable":true,"href":"https:\/\/trojcazambrow.pl\/index.php\/wp-json\/wp\/v2\/users\/2"}],"replies":[{"embeddable":true,"href":"https:\/\/trojcazambrow.pl\/index.php\/wp-json\/wp\/v2\/comments?post=2849"}],"version-history":[{"count":16,"href":"https:\/\/trojcazambrow.pl\/index.php\/wp-json\/wp\/v2\/pages\/2849\/revisions"}],"predecessor-version":[{"id":2989,"href":"https:\/\/trojcazambrow.pl\/index.php\/wp-json\/wp\/v2\/pages\/2849\/revisions\/2989"}],"wp:attachment":[{"href":"https:\/\/trojcazambrow.pl\/index.php\/wp-json\/wp\/v2\/media?parent=2849"}],"curies":[{"name":"wp","href":"https:\/\/api.w.org\/{rel}","templated":true}]}}