{"id":287,"date":"2020-10-26T05:20:02","date_gmt":"2020-10-26T06:20:02","guid":{"rendered":"http:\/\/trojcazambrow.pl\/?page_id=287"},"modified":"2026-04-07T05:35:14","modified_gmt":"2026-04-07T06:35:14","slug":"intencje-mszy-sw","status":"publish","type":"page","link":"https:\/\/trojcazambrow.pl\/index.php\/intencje-mszy-sw\/","title":{"rendered":"Intencje Mszy \u015aw."},"content":{"rendered":"\n<figure class=\"wp-block-table\"><table class=\"has-fixed-layout\"><tbody><tr><td colspan=\"3\"><strong>Niedziela 5 kwietnia &#8211; Niedziela Zmartwychwstania Pa\u0144skiego<\/strong><\/td><\/tr><tr><td><strong>6:00<\/strong><\/td><td><em>Pro populo<\/em><\/td><td><strong>&nbsp;<\/strong><\/td><\/tr><tr><td>&nbsp;<\/td><td>&nbsp;<\/td><td><strong>&nbsp;<\/strong><\/td><\/tr><tr><td><strong>9:00<\/strong><\/td><td>O Bo\u017ce b\u0142og. dla Jolanty i Leszka w 40 r. \u015blubu<\/td><td><strong>&nbsp;<\/strong><\/td><\/tr><tr><td><strong>9:00<\/strong><\/td><td>+Maria W\u0105do\u0142owska (greg.)<\/td><td><strong>&nbsp;<\/strong><\/td><\/tr><tr><td><strong>&nbsp;<\/strong><\/td><td>&nbsp;<\/td><td><strong>&nbsp;<\/strong><\/td><\/tr><tr><td><strong>10:30<\/strong><\/td><td>+Genowefa i Jan Parafi\u0144scy i ich rodzice<\/td><td><strong>&nbsp;<\/strong><\/td><\/tr><tr><td><strong>10:30<\/strong><\/td><td>+Stefan Jastrz\u0119bski (5 r. \u015bm.) i rodzice z obojga stron<\/td><td><strong>&nbsp;<\/strong><\/td><\/tr><tr><td>10:30<\/td><td>+Gra\u017cyna i Bogdan Gore\u0142kin (<strong>w \u0142\u0105cz. duch.<\/strong>)<\/td><td><strong>&nbsp;<\/strong><\/td><\/tr><tr><td><strong>&nbsp;<\/strong><\/td><td>&nbsp;<\/td><td><strong>&nbsp;<\/strong><\/td><\/tr><tr><td><strong>12:00<\/strong><\/td><td>+Stefan i Wanda Pisi\u0144scy i rodzice z obojga stron<\/td><td><strong>&nbsp;<\/strong><\/td><\/tr><tr><td><strong>12:00<\/strong><\/td><td>+Wanda Pisi\u0144ska \u2013 int. od Heleny i Wies\u0142awa z rodzin\u0105<\/td><td><strong>&nbsp;<\/strong><\/td><\/tr><tr><td>12:00<\/td><td>+J\u00f3zef Chrzanowski (31 r. \u015bm.) \u2013 int. od syna Marka z rodzin\u0105<br>(<strong>w \u0142\u0105cz. duch.<\/strong>)<\/td><td><strong>&nbsp;<\/strong><\/td><\/tr><tr><td><strong>&nbsp;<\/strong><\/td><td>&nbsp;<\/td><td><strong>&nbsp;<\/strong><\/td><\/tr><tr><td><strong>18:00<\/strong><\/td><td>+Alfons, Maria, Lubomir,, Marian Bilewscy, Piotr i Alicja Dzieko\u0144scy<\/td><td><strong>&nbsp;<\/strong><\/td><\/tr><tr><td><strong>19:00<\/strong><\/td><td><em>Santa Misa en castellano<\/em><\/td><td><strong>&nbsp;<\/strong><\/td><\/tr><\/tbody><\/table><\/figure>\n\n\n\n<figure class=\"wp-block-table\"><table class=\"has-fixed-layout\"><tbody><tr><td colspan=\"3\"><strong>Poniedzia\u0142ek Wielkanocny &#8211; 6 kwietnia<\/strong><\/td><\/tr><tr><td><strong>7:00<\/strong><\/td><td>O Bo\u017ce b\u0142og. i zdrowie dla Wioletty z okazji 45 urodzin<\/td><td><strong>&nbsp;<\/strong><\/td><\/tr><tr><td><strong>&nbsp;<\/strong><\/td><td>&nbsp;<\/td><td><strong>&nbsp;<\/strong><\/td><\/tr><tr><td><strong>9:00<\/strong><\/td><td>+Maria W\u0105do\u0142owska (greg.)<\/td><td><strong>&nbsp;<\/strong><\/td><\/tr><tr><td><strong>9:00<\/strong><\/td><td>+El\u017cbieta Mrozowska \u2013 int. od Rycerzy \u015bw. Jana Paw\u0142a II<\/td><td><strong>&nbsp;<\/strong><\/td><\/tr><tr><td>9:00<\/td><td>+J\u00f3zef Muszy\u0144ski (11 r. \u015bm) (<strong>w \u0142\u0105cz. duch.<\/strong>)<\/td><td><strong>&nbsp;<\/strong><\/td><\/tr><tr><td><strong>&nbsp;<\/strong><\/td><td>&nbsp;<\/td><td><strong>&nbsp;<\/strong><\/td><\/tr><tr><td><strong>10:30<\/strong><\/td><td>+Robert, Tomasz i zm. z rodziny Szab\u0142owskich<\/td><td><strong>&nbsp;<\/strong><\/td><\/tr><tr><td><strong>10:30<\/strong><\/td><td>+W\u0142odzimierz Podsadnik (5 r. \u015bm.)<\/td><td><strong>&nbsp;<\/strong><\/td><\/tr><tr><td><strong>10:30<\/strong><\/td><td>+Zm. z rodziny Kos\u00f3w<\/td><td><strong>&nbsp;<\/strong><\/td><\/tr><tr><td>10:30<\/td><td>+Zygmunt Michalak \u2013 int. od \u017cony i dzieci (<strong>w \u0142\u0105cz. duch.<\/strong>)<\/td><td>&nbsp;<\/td><\/tr><tr><td>10:30<\/td><td>+Jacek Dmochowski \u2013 int. od Kasi Tyszka z rodzin\u0105<br>(<strong>w \u0142\u0105cz. duch.<\/strong>)<\/td><td><strong>&nbsp;<\/strong><\/td><\/tr><tr><td>10:30<\/td><td>+Jacek Dmochowski \u2013 int. od Sylwii i Adama Kos z rodzin\u0105<br>(<strong>w \u0142\u0105cz. duch.<\/strong>)<\/td><td><strong>&nbsp;<\/strong><\/td><\/tr><tr><td><strong>&nbsp;<\/strong><\/td><td>&nbsp;<\/td><td><strong>&nbsp;<\/strong><\/td><\/tr><tr><td><strong>12:00<\/strong><\/td><td>+Wac\u0142aw, Jadwiga, Jakaccy, Roch i Lucyna Dmochowscy<\/td><td><strong>&nbsp;<\/strong><\/td><\/tr><tr><td><strong>12:00<\/strong><\/td><td>+Ireneusz i Rafa\u0142 Szulborscy<\/td><td><strong>&nbsp;<\/strong><\/td><\/tr><tr><td><strong>&nbsp;<\/strong><\/td><td>&nbsp;<\/td><td><strong>&nbsp;<\/strong><\/td><\/tr><tr><td><strong>18:00<\/strong><\/td><td>+Jadwiga Makarewicz, Mieczys\u0142aw i Krzysztof D\u0142u\u017cniewscy<\/td><td><strong>&nbsp;<\/strong><\/td><\/tr><tr><td colspan=\"3\"><br><strong>Wtorek 7 kwietnia<\/strong><\/td><\/tr><tr><td><strong>6:30<\/strong><\/td><td>+Franciszka (k.) Eugenia, Adam, Boles\u0142aw Wojdylak i Jadwiga Lorenc<\/td><td><strong>&nbsp;<\/strong><\/td><\/tr><tr><td><strong>6:30<\/strong><\/td><td>+J\u00f3zef Wyszy\u0144ski (8 r. \u015bm.)<\/td><td><strong>&nbsp;<\/strong><\/td><\/tr><tr><td><strong>&nbsp;<\/strong><\/td><td>&nbsp;<\/td><td><strong>&nbsp;<\/strong><\/td><\/tr><tr><td><strong>7:00<\/strong><\/td><td>+Maria W\u0105do\u0142owska (greg.)<\/td><td><strong>&nbsp;<\/strong><\/td><\/tr><tr><td><strong>7:00<\/strong><\/td><td>+Czes\u0142aw Krajewski (1 r. \u015bm.)<\/td><td><strong>&nbsp;<\/strong><\/td><\/tr><tr><td>&nbsp;<\/td><td>&nbsp;<\/td><td><strong>&nbsp;<\/strong><\/td><\/tr><tr><td><strong>9:30<\/strong><\/td><td>Pogrzeb: +Stanis\u0142aw Sawicki<\/td><td><strong>&nbsp;<\/strong><\/td><\/tr><tr><td><strong>&nbsp;<\/strong><\/td><td>&nbsp;<\/td><td><strong>&nbsp;<\/strong><\/td><\/tr><tr><td><strong>18:00<\/strong><\/td><td>+Janina Leniewska<\/td><td><strong>&nbsp;<\/strong><\/td><\/tr><tr><td>18:00<\/td><td>+Janusz Kami\u0144ski \u2013 int. od Antoniego Okulewicza<br>(<strong>w \u0142\u0105cz. duch.<\/strong>)<\/td><td>&nbsp;<\/td><\/tr><tr><td colspan=\"3\"><br><strong>\u015aroda 8 kwietnia<\/strong><\/td><\/tr><tr><td><strong>6:30<\/strong><\/td><td>+Marian Waszczuk \u2013 int. od Lili Wysockiej z Ostr\u00f3\u017cnego<\/td><td><strong>&nbsp;<\/strong><\/td><\/tr><tr><td><strong>6:30<\/strong><\/td><td>+El\u017cbieta Kaczmarczyk \u2013 int. od s\u0105siad\u00f3w z ul. Spokojnej<\/td><td><strong>&nbsp;<\/strong><\/td><\/tr><tr><td><strong>&nbsp;<\/strong><\/td><td>&nbsp;<\/td><td><strong>&nbsp;<\/strong><\/td><\/tr><tr><td><strong>7:00<\/strong><\/td><td>+Maria W\u0105do\u0142owska (greg.)<\/td><td><strong>&nbsp;<\/strong><\/td><\/tr><tr><td><strong>7:00<\/strong><\/td><td>+Czes\u0142awa (k.) Milczewska \u2013 int. od pracownik\u00f3w Wydzia\u0142u Gospodarki Komunalnej Urz\u0119du Miasta Zambr\u00f3w<\/td><td><strong>&nbsp;<\/strong><\/td><\/tr><tr><td>&nbsp;<\/td><td>&nbsp;<\/td><td><strong>&nbsp;<\/strong><\/td><\/tr><tr><td><strong>18:00<\/strong><\/td><td>Int. grupy Odnowy w Duchu \u015awi\u0119tym<\/td><td><strong>&nbsp;<\/strong><\/td><\/tr><tr><td><strong>18:00<\/strong><\/td><td>+Halina Krystowska \u2013 int. od uczestnik\u00f3w pogrzebu<\/td><td><strong>&nbsp;<\/strong><\/td><\/tr><tr><td>18:00<\/td><td>+Irena Ko\u0142akowska (<strong>w \u0142\u0105cz. duch.<\/strong>)<\/td><td><strong>&nbsp;<\/strong><\/td><\/tr><tr><td>18:00<\/td><td>+\u0141ukasz Koz\u0142owski \u2013 int. od ojca, matki i brata (<strong>w \u0142\u0105cz. duch.<\/strong>)<\/td><td><strong>&nbsp;<\/strong><\/td><\/tr><tr><td colspan=\"3\"><br><strong>Czwartek 9 kwietnia<\/strong><\/td><\/tr><tr><td><strong>6:30<\/strong><\/td><td>W intencji Radia Maryja i dzie\u0142 przy nim powsta\u0142ych<\/td><td><strong>&nbsp;<\/strong><\/td><\/tr><tr><td><strong>6:30<\/strong><\/td><td>+Wac\u0142aw Cybulski (2 r. \u015bm.)<\/td><td><strong>&nbsp;<\/strong><\/td><\/tr><tr><td><strong>&nbsp;<\/strong><\/td><td>&nbsp;<\/td><td><strong>&nbsp;<\/strong><\/td><\/tr><tr><td><strong>7:00<\/strong><\/td><td>O Bo\u017ce b\u0142og. dla przyjaci\u00f3\u0142 ofiarodawczyni<\/td><td><strong>&nbsp;<\/strong><\/td><\/tr><tr><td><strong>7:00<\/strong><\/td><td>+Maria W\u0105do\u0142owska (greg.)<\/td><td><strong>&nbsp;<\/strong><\/td><\/tr><tr><td><strong>&nbsp;<\/strong><\/td><td>&nbsp;<\/td><td><strong>&nbsp;<\/strong><\/td><\/tr><tr><td><strong>15:00<\/strong><\/td><td>Chrzest<\/td><td><strong>&nbsp;<\/strong><\/td><\/tr><tr><td><strong>&nbsp;<\/strong><\/td><td>&nbsp;<\/td><td><strong>&nbsp;<\/strong><\/td><\/tr><tr><td><strong>18:00<\/strong><\/td><td>+Zm. z rodz. Olechwierowicz\u00f3w<\/td><td><strong>&nbsp;<\/strong><\/td><\/tr><tr><td>18:00<\/td><td>O Bo\u017ce b\u0142og. dla Stanis\u0142awa Kaczmarka z okazji 90 ur. (<strong>w \u0142\u0105cz. duch.<\/strong>)<\/td><td><strong>&nbsp;<\/strong><\/td><\/tr><tr><td>18:00<\/td><td>+Gertruda i Hipolit Zawistowscy i ich rodzice (<strong>w \u0142\u0105cz. duch.<\/strong>)<\/td><td><strong>&nbsp;<\/strong><\/td><\/tr><tr><td colspan=\"3\"><br><strong>Pi\u0105tek 9 kwietnia<\/strong><\/td><\/tr><tr><td><strong>6:30<\/strong><\/td><td>+S\u0142awomir Kossakowski (1 r. \u015bm.)<\/td><td><strong>&nbsp;<\/strong><\/td><\/tr><tr><td><strong>6:30<\/strong><\/td><td>+Mieczys\u0142aw \u0141ada<\/td><td><strong>&nbsp;<\/strong><\/td><\/tr><tr><td><strong>&nbsp;<\/strong><\/td><td>&nbsp;<\/td><td><strong>&nbsp;<\/strong><\/td><\/tr><tr><td><strong>7:00<\/strong><\/td><td>+Maria W\u0105do\u0142owska (greg.)<\/td><td><strong>&nbsp;<\/strong><\/td><\/tr><tr><td><strong>7:00<\/strong><\/td><td>+Czes\u0142aw Sierzputowski (15 r. \u015bm.) zm. z rodz. Sierzputowskich, Ferks\u00f3w i Ferenc\u00f3w<\/td><td><strong>&nbsp;<\/strong><\/td><\/tr><tr><td><strong>&nbsp;<\/strong><\/td><td>&nbsp;<\/td><td><strong>&nbsp;<\/strong><\/td><\/tr><tr><td><strong>18:00<\/strong><\/td><td>+Apolonia i W\u0142adys\u0142aw Krutul<\/td><td><strong>&nbsp;<\/strong><\/td><\/tr><tr><td><strong>18:00<\/strong><\/td><td>+Stanis\u0142awa Skupniewska \u2013 int od uczestnik\u00f3w pogrzebu<\/td><td><strong>&nbsp;<\/strong><\/td><\/tr><tr><td>18:00<\/td><td>+Janusz Kami\u0144ski \u2013 int. od pracownik\u00f3w Dobroplastu (<strong>w \u0142\u0105cz. duch.<\/strong>)<\/td><td><strong>&nbsp;<\/strong><\/td><\/tr><tr><td colspan=\"3\"><br><strong>Sobota 11 kwietnia<\/strong><\/td><\/tr><tr><td><strong>6:30<\/strong><\/td><td>+Patrycja Kuczewska-Zimacka \u2013 int. od ojca chrzestnego<br>z rodzin\u0105<\/td><td><strong>&nbsp;<\/strong><\/td><\/tr><tr><td><strong>6:30<\/strong><\/td><td>+Krzysztof K\u0119ci\u0144ski \u2013 int. od c\u00f3rki Marty z rodzin\u0105<\/td><td><strong>&nbsp;<\/strong><\/td><\/tr><tr><td><strong>&nbsp;<\/strong><\/td><td>&nbsp;<\/td><td><strong>&nbsp;<\/strong><\/td><\/tr><tr><td><strong>7:00<\/strong><\/td><td>+Maria W\u0105do\u0142owska (greg.)<\/td><td><strong>&nbsp;<\/strong><\/td><\/tr><tr><td><strong>7:00<\/strong><\/td><td>+S\u0142awomir Trzaska \u2013 int. od Anny Fatla<\/td><td><strong>&nbsp;<\/strong><\/td><\/tr><tr><td><strong>&nbsp;<\/strong><\/td><td>&nbsp;<\/td><td><strong>&nbsp;<\/strong><\/td><\/tr><tr><td><strong>16:00<\/strong><\/td><td>\u015alub: Joanna i Piotr<\/td><td><strong>&nbsp;<\/strong><\/td><\/tr><tr><td><strong>&nbsp;<\/strong><\/td><td>&nbsp;<\/td><td><strong>&nbsp;<\/strong><\/td><\/tr><tr><td><strong>18:00<\/strong><\/td><td>O zdrowie i b\u0142og. Bo\u017ce dla Zuzi i jej rodzic\u00f3w<\/td><td><strong>&nbsp;<\/strong><\/td><\/tr><tr><td>18:00<\/td><td>+El\u017cbieta Mrozowska \u2013 int. od Janiny Pietruczak z rodzin (<strong>w \u0142\u0105cz. duch.<\/strong>)<\/td><td><strong>&nbsp;<\/strong><\/td><\/tr><\/tbody><\/table><\/figure>\n\n\n\n<p><em><mark style=\"background-color:rgba(0, 0, 0, 0)\" class=\"has-inline-color has-vivid-red-color\">Bardzo prosz\u0119 o sprawdzenie intencji i potwierdzenie rezerwacji.<\/mark><\/em><\/p>\n\n\n\n<p><em><span class=\"has-inline-color has-vivid-red-color\">W razie b\u0142\u0119du prosz\u0119 to zasygnalizowa\u0107 ks. dy\u017curnemu w celu korekty.<\/span><\/em><\/p>\n","protected":false},"excerpt":{"rendered":"Niedziela 5 kwietnia &#8211; Niedziela Zmartwychwstania Pa\u0144skiego 6:00 Pro populo &nbsp; &nbsp; &nbsp; &nbsp; 9:00 O Bo\u017ce b\u0142og. dla Jolanty i Leszka w 40 r. \u015blubu &nbsp; 9:00 +Maria W\u0105do\u0142owska (greg.) &nbsp; &nbsp; &nbsp; &nbsp; 10:30 +Genowefa i Jan Parafi\u0144scy i ich rodzice &nbsp; 10:30 +Stefan Jastrz\u0119bski (5 r. \u015bm.)&hellip;\n","protected":false},"author":2,"featured_media":0,"parent":0,"menu_order":0,"comment_status":"closed","ping_status":"closed","template":"","meta":{"footnotes":""},"class_list":["post-287","page","type-page","status-publish","hentry"],"_links":{"self":[{"href":"https:\/\/trojcazambrow.pl\/index.php\/wp-json\/wp\/v2\/pages\/287","targetHints":{"allow":["GET"]}}],"collection":[{"href":"https:\/\/trojcazambrow.pl\/index.php\/wp-json\/wp\/v2\/pages"}],"about":[{"href":"https:\/\/trojcazambrow.pl\/index.php\/wp-json\/wp\/v2\/types\/page"}],"author":[{"embeddable":true,"href":"https:\/\/trojcazambrow.pl\/index.php\/wp-json\/wp\/v2\/users\/2"}],"replies":[{"embeddable":true,"href":"https:\/\/trojcazambrow.pl\/index.php\/wp-json\/wp\/v2\/comments?post=287"}],"version-history":[{"count":289,"href":"https:\/\/trojcazambrow.pl\/index.php\/wp-json\/wp\/v2\/pages\/287\/revisions"}],"predecessor-version":[{"id":3500,"href":"https:\/\/trojcazambrow.pl\/index.php\/wp-json\/wp\/v2\/pages\/287\/revisions\/3500"}],"wp:attachment":[{"href":"https:\/\/trojcazambrow.pl\/index.php\/wp-json\/wp\/v2\/media?parent=287"}],"curies":[{"name":"wp","href":"https:\/\/api.w.org\/{rel}","templated":true}]}}