{"id":3,"date":"2020-10-01T12:00:26","date_gmt":"2020-10-01T10:00:26","guid":{"rendered":"http:\/\/trojcazambrow.pl\/?page_id=3"},"modified":"2020-10-02T06:10:17","modified_gmt":"2020-10-02T07:10:17","slug":"politique-de-confidentialite","status":"publish","type":"page","link":"https:\/\/trojcazambrow.pl\/index.php\/politique-de-confidentialite\/","title":{"rendered":"Polityka prywatno\u015bci"},"content":{"rendered":"\n<p>Od 26 kwiecie\u0144 2012, wszystkie strony internetowe UK musz\u0105 przestrzega\u0107 unijnej dyrektywy o prywatno\u015bci elektronicznej 2009\/136\/WE.&nbsp;Cookies to tylko niewielka cz\u0119\u015b\u0107 tej dyrektywy, a jednocze\u015bnie wci\u0105\u017c maj\u0105 Pa\u0144stwo prawo u\u017cywa\u0107 plik\u00f3w cookie na stronie internetowej, musi by\u0107 jasne, do odwiedzaj\u0105cych witryn\u0119, \u017ce pliki cookie s\u0105 u\u017cywane.Komunikat lub ostrze\u017cenie musi by\u0107 wy\u015bwietlany tak, \u017ce u\u017cytkownik jest \u015bwiadomy z nich.<\/p>\n\n\n\n<p>Na szczycie naszej stronie mamy wy\u015bwietlony komunikat ostrzegaj\u0105cy, \u017ce nasza strona korzysta z plik\u00f3w cookie, a jedna zosta\u0142a ju\u017c ustawiona.&nbsp;Wy\u015bwietlaj\u0105c t\u0119 \u200b\u200bwiadomo\u015b\u0107 mamy nadziej\u0119, \u017ce dajemy Pa\u0144stwu \u017c\u0105danych informacji o naszych pomoc\u0105 plik\u00f3w cookie, prezentuj\u0105c Pa\u0144stwu mo\u017cliwo\u015b\u0107 wyra\u017cenia zgody na ich wykorzystanie.&nbsp;Ten komunikat b\u0119dzie wy\u015bwietlany do czasu, gdy zgadzasz si\u0119 na naszej stronie internetowej za pomoc\u0105 plik\u00f3w cookie, klikaj\u0105c na przycisk Kontynuuj.<\/p>\n\n\n\n<h2 class=\"wp-block-heading\">Co to jest plik cookie?<\/h2>\n\n\n\n<p>Cookie to niewielka ilo\u015b\u0107 danych, cz\u0119sto w tym unikalnym identyfikatorem, wys\u0142anego do przegl\u0105darki komputera lub telefonu kom\u00f3rkowego (o kt\u00f3rych mowa w niniejszym dokumencie jako &#8220;urz\u0105dzenie&#8221;) ze strony internetowej na komputerze.&nbsp;Jest on przechowywany na dysku twardym urz\u0105dzenia.&nbsp;Ka\u017cda strona internetowa mo\u017ce wys\u0142a\u0107 w\u0142asny plik cookie do przegl\u0105darki, je\u015bli przegl\u0105darka preferencje na to pozwoli\u0107.&nbsp;Aby chroni\u0107 swoj\u0105 prywatno\u015b\u0107, przegl\u0105darka pozwala tylko na stronie internetowej, aby uzyska\u0107 dost\u0119p do ciasteczek ju\u017c wys\u0142any do Ciebie, a nie ciasteczko wys\u0142ane do ciebie przez innych stron internetowych.&nbsp;Wiele stron internetowych to zrobi\u0107, gdy u\u017cytkownik odwiedzi ich \u015bledzi\u0107 on-line na przep\u0142ywy ruchu.<\/p>\n\n\n\n<p>Na stronie internetowej kana\u0142u cyfrowego, nasza p\u0142yta ciasteczka internetowych informacje na temat swoich preferencji wi\u0119c mo\u017cemy dostosowa\u0107 serwis do swoich interes\u00f3w.&nbsp;Mo\u017cna ustawi\u0107 urz\u0105dzenie preferencji zaakceptowa\u0107 wszystkie cookies, powiadomimy Ci\u0119, gdy plik cookie jest wystawiony lub nie otrzymywa\u0107 plik\u00f3w cookie w og\u00f3le.&nbsp;Wybranie ostatniej opcji oznacza, \u017ce \u200b\u200bnie otrzyma pewnych spersonalizowanych funkcji, kt\u00f3re mog\u0105 powodowa\u0107, \u017ce jeste\u015b w stanie w pe\u0142ni korzysta\u0107 z wszystkich funkcji witryny.&nbsp;Ka\u017cda przegl\u0105darka jest inna, wi\u0119c nale\u017cy sprawdzi\u0107 menu &#8220;Pomoc&#8221; w swojej przegl\u0105darce, aby dowiedzie\u0107 si\u0119, jak zmieni\u0107 swoje preferencje cookie.<\/p>\n\n\n\n<p>Podczas ka\u017cdej wizyty na naszej stronie, ka\u017cda strona widzisz, wraz z cookie, s\u0105 pobierane do urz\u0105dzenia.&nbsp;Wiele stron internetowych to zrobi\u0107, poniewa\u017c pliki cookie umo\u017cliwiaj\u0105 wydawcom internetowym robi\u0107 u\u017cyteczne rzeczy, jak dowiedzie\u0107 si\u0119, czy urz\u0105dzenie (i prawdopodobnie jeste\u015b) odwiedzi\u0142 stron\u0119 wcze\u015bniej.&nbsp;Na powt\u00f3rzenie odwiedzi\u0107 ten odbywa si\u0119 poprzez witryny komputerze sprawdzaj\u0105c i wyszukuje plik cookie pozostawiony podczas ostatniej wizyty.<\/p>\n\n\n\n<h3 class=\"wp-block-heading\">Jak korzysta\u0107 z plik\u00f3w cookie?<\/h3>\n\n\n\n<p>Informacje dostarczane przez ciasteczka mo\u017ce nam pom\u00f3c przeanalizowa\u0107 profil naszych u\u017cytkownik\u00f3w, co pomaga nam zapewni\u0107 Pa\u0144stwu lepsze do\u015bwiadczenie u\u017cytkownika.&nbsp;Na przyk\u0142ad, je\u015bli na poprzedniej wizyty uda\u0142 si\u0119 do naszych stron marketingowych, mo\u017cemy to ustali\u0107 na podstawie pliku cookie i informacji marketingowej pod\u015bwietlenia na kolejnych wizyt.<\/p>\n\n\n\n<h3 class=\"wp-block-heading\">Ciasteczka innych firm na naszych stronach<\/h3>\n\n\n\n<p>Nale\u017cy pami\u0119ta\u0107, \u017ce podczas swoich wizyt w naszej stronie mo\u017cna zauwa\u017cy\u0107 kilka ciasteczek, kt\u00f3re s\u0105 zwi\u0105zane z nami.&nbsp;Gdy u\u017cytkownik odwiedza stron\u0119 z zawarto\u015bci\u0105 wbudowanego, na przyk\u0142ad, YouTube lub Flickr, mo\u017ce by\u0107 przedstawione z plik\u00f3w cookie z tych witryn.&nbsp;Nie kontrolujemy rozpowszechniania tych plik\u00f3w.&nbsp;Nale\u017cy sprawdzi\u0107 na stronach internetowych os\u00f3b trzecich na wi\u0119cej informacji o nich.<\/p>\n\n\n\n<h3 class=\"wp-block-heading\">Cookies wykorzystywane na naszej stronie<\/h3>\n\n\n\n<p>Mamy tylko wykorzystywa\u0107 cookies, aby pom\u00f3c nam stale ulepsza\u0107 nasz\u0105 stron\u0119 i utrzyma\u0107 pi\u0119kny do\u015bwiadczenie przegl\u0105dania dla naszych go\u015bci.&nbsp;Oto lista plik\u00f3w cookie u\u017cywanych na tej stronie:<\/p>\n\n\n\n<ul class=\"wp-block-list\"><li><strong>Google Analytics<\/strong>&nbsp;&#8211; u\u017cywamy cookies do opracowania statystyki odwiedzin, takich jak, ile os\u00f3b odwiedzi\u0142o nasz\u0105 stron\u0119 internetow\u0105, na jaki rodzaj technologii, kt\u00f3rego u\u017cywaj\u0105 (np. Mac lub Windows, kt\u00f3ry pomaga okre\u015bli\u0107, kiedy nasza strona nie dzia\u0142a jak nale\u017cy dla poszczeg\u00f3lnych technologii) , jak d\u0142ugo sp\u0119dzaj\u0105 na stronie, co strona patrz\u0105 itp.<\/li><li><strong>ShareThis, Quantcast i Gigya<\/strong>&nbsp;&#8211; spo\u0142eczne przyciski multimedialne akcje, kt\u00f3re pozwalaj\u0105 dzieli\u0107 si\u0119 zawarto\u015b\u0107<\/li><li><strong>Session cookie<\/strong>&nbsp;&#8211; jest to standardowy plik cookie tylko pami\u0119ta\u0107 preferencji u\u017cytkownika (takich jak rozmiar czcionki i oszcz\u0119dno\u015b\u0107 zalogowaniu ka\u017cdej wizycie)<\/li><\/ul>\n\n\n\n<h3 class=\"wp-block-heading\">Jak usun\u0105\u0107 pliki cookie lub kontrolowa\u0107 je<\/h3>\n\n\n\n<p>Strona nie b\u0119dzie u\u017cywa\u0107 cookies do zbierania informacji osobistych o Tobie.&nbsp;Jednak, je\u015bli chcesz ograniczy\u0107 lub zablokowa\u0107 cookies utworzone przez to lub dowolny inny serwis WWW, mo\u017cesz to zrobi\u0107 poprzez ustawienia przegl\u0105darki.&nbsp;Funkcja pomocy w przegl\u0105darce powinien powiedzie\u0107, jak.<\/p>\n\n\n\n<p>Alternatywnie, mo\u017cesz odwiedzi\u0107&nbsp;<a href=\"http:\/\/translate.googleusercontent.com\/translate_c?depth=1&amp;hl=pl&amp;ie=UTF8&amp;prev=_t&amp;rurl=translate.google.pl&amp;sl=en&amp;tl=pl&amp;u=http:\/\/www.aboutcookies.org\/&amp;usg=ALkJrhgEOwHDC-lGaGsMW0iJkMeUGsDCqA\">www.aboutcookies.org<\/a>&nbsp;zawieraj\u0105cy kompleksowe informacje o tym jak to zrobi\u0107 na r\u00f3\u017cnych przegl\u0105darkach.&nbsp;Znajdziesz tam r\u00f3wnie\u017c informacje o tym, jak usun\u0105\u0107 pliki cookie z komputera, jak i bardziej og\u00f3lnych informacji na temat plik\u00f3w cookie.&nbsp;Wi\u0119cej informacji na temat, jak to zrobi\u0107 w telefonie kom\u00f3rkowym w przegl\u0105darce, nale\u017cy odnie\u015b\u0107 si\u0119 do instrukcji obs\u0142ugi telefonu.<\/p>\n\n\n\n<h3 class=\"wp-block-heading\">Modu\u0142y cyfrowe kana\u0142u dyrektywa UE Cookie dla Joomla i WordPress<\/h3>\n\n\n\n<p>Mo\u017cna zauwa\u017cy\u0107, baner na g\u00f3rze naszej strony internetowej, kt\u00f3ra poinformowa\u0142a, \u017ce \u200b\u200bta strona internetowa wykorzystuje cookies.&nbsp;Je\u015bli chcesz podobny banner na swojej stronie, prosz\u0119 spojrze\u0107 na nasz\u0105 Joomla lub stronach wtyczki WordPress.&nbsp;Oferujemy&nbsp;<a href=\"http:\/\/translate.googleusercontent.com\/translate_c?depth=1&amp;hl=pl&amp;ie=UTF8&amp;prev=_t&amp;rurl=translate.google.pl&amp;sl=en&amp;tl=pl&amp;u=http:\/\/www.channeldigital.co.uk\/resources\/joomla-cookie-directive-plugin.html&amp;usg=ALkJrhgPhSTvUEy72RLqn1uOlJqDdtiHpg\">off roztworu przydatno\u015bci dla u\u017cytkownik\u00f3w Joomla i WordPress<\/a>&nbsp;stron internetowych, ale r\u00f3wnie\u017c mo\u017ce zaoferowa\u0107 indywidualnego rozwi\u0105zania do istniej\u0105cej strony internetowej w razie potrzeby.<\/p>\n\n\n\n<p>Nale\u017cy pami\u0119ta\u0107, \u017ce ograniczenie cookie mo\u017ce wp\u0142yn\u0105\u0107 na funkcjonalno\u015b\u0107 serwisu.<\/p>\n\n\n\n<hr class=\"wp-block-separator\"\/>\n\n\n\n<p>Strona internetowa, kt\u00f3r\u0105 przegl\u0105dasz zapisuje na Twoim komputerze tzw. pliki cookie. Pliki te s\u0142u\u017c\u0105 g\u0142\u00f3wnie do identyfikacji Ciebie na stronie. Przechowywany jest w nich identyfikator Twojej sesji, dzi\u0119ki czemu strona wie jakie tre\u015bci ma Ci wy\u015bwietli\u0107 (np. Twoje prywatne wiadomo\u015bci).<\/p>\n\n\n\n<p>Z plik\u00f3w cookie korzystaj\u0105 te\u017c r\u00f3\u017cne skrypty, kt\u00f3re zbieraj\u0105 na tej stronie informacje statystyczne, dzi\u0119ki czemu jej administratorzy wiedz\u0105 jakie tre\u015bci najcz\u0119\u015bciej s\u0105 ogl\u0105dane, a tym samym mog\u0105 dopasowa\u0107 zawarto\u015b\u0107 strony do oczekiwa\u0144 u\u017cytkownik\u00f3w. Na podobnej zasadzie dzia\u0142aj\u0105 skrypty przedsi\u0119biorstw handlowych, kt\u00f3re wy\u015bwietlaj\u0105 na stronach reklamy. Dzi\u0119ki plikom cookie mog\u0105 sprawdzi\u0107 na jakie strony wchodzi\u0142e\u015b i przez to wiedz\u0105 jakie reklamy ci wy\u015bwietli\u0107 (np. je\u015bli wchodzi\u0142e\u015b na strony z ksi\u0105\u017ckami to w boxach reklamowych w\u0142a\u015bnie reklamy ksi\u0105\u017cek zostan\u0105 ci zaprezentowane).<\/p>\n\n\n\n<p>Je\u015bli nie chcesz aby ta strona zapisywa\u0142a pliki cookies na Twoim komputerze mo\u017cesz je wy\u0142\u0105czy\u0107 (mo\u017ce si\u0119 to jednak wi\u0105za\u0107 z niemo\u017cliwo\u015bci\u0105 korzystania ze strony).<\/p>\n\n\n\n<p><strong>Mozilla Firefox:<\/strong>&nbsp;W menu &#8220;Narz\u0119dzia&#8221; wybierz &#8220;Opcje&#8221; i w nich zak\u0142adk\u0119 &#8220;Prywatno\u015b\u0107&#8221;&nbsp; (przegl\u0105darka daje Ci mo\u017cliwo\u015b\u0107 zaznaczenia, \u017ce nie chcesz by\u0107 \u015bledzony w og\u00f3le albo usuni\u0119cia pojedynczych ciasteczek poszczeg\u00f3lnych witryn).<\/p>\n\n\n\n<p><strong>Microsoft Internet Explorer:<\/strong>&nbsp;W menu &#8220;Narz\u0119dzia&#8221; wybierz &#8220;Opcje internetowe&#8221; i w nich zak\u0142adk\u0119 &#8220;Prywatno\u015b\u0107&#8221; (specjalnym suwakiem mo\u017cesz regulowa\u0107 og\u00f3lny poziom prywatno\u015bci albo przyciskiem &#8220;Witryny&#8221; zarz\u0105dza\u0107 ustawieniami poszczeg\u00f3lnych serwis\u00f3w internetowych).<\/p>\n\n\n\n<p><strong>Google Chrome:<\/strong>&nbsp;W menu ukrytym pod trzema poziomymi kreseczkami w prawym g\u00f3rnym rogu przegl\u0105darki wybierz &#8220;Narz\u0119dzia&#8221; a potem &#8220;Wyczy\u015b\u0107 dane przegl\u0105dania&#8230;&#8221;. Opr\u00f3cz mo\u017cliwo\u015bci czyszczenia plik\u00f3w cookie, znajduje si\u0119 tam link &#8220;Wi\u0119cej informacji&#8221;, kt\u00f3ry prowadzi do szczeg\u00f3\u0142owego opisu funkcji prywatno\u015bci przegl\u0105darki.<\/p>\n\n\n\n<p><strong>Opera:<\/strong>&nbsp;Przyciskiem &#8220;Opera&#8221; w lewym g\u00f3rnym rogu otw\u00f3rz menu i wybierz w nim &#8220;Ustawienia&#8221; i dalej &#8220;Wyczy\u015b\u0107 histori\u0119 przegl\u0105dania&#8230;&#8221; (opr\u00f3cz mo\u017cliwo\u015bci skasowania ju\u017c ustawionych plik\u00f3w cookie, jest tam te\u017c przycisk &#8220;Zarz\u0105dzaj ciasteczkami&#8230;&#8221; prowadz\u0105cy do bardziej zaawansowanych opcji dla poszczeg\u00f3lnych witryn).<\/p>\n\n\n\n<p><strong>Apple Safari:<\/strong>&nbsp;W menu &#8220;Safari&#8221; wybierz &#8220;Preferencje&#8221; i w nich zak\u0142adk\u0119 &#8220;Prywatno\u015b\u0107&#8221; (znajdziesz w niej liczne opcje dotycz\u0105ce plik\u00f3w cookie).<\/p>\n\n\n\n<p><strong>W telefonach kom\u00f3rkowych, tabletach i innych urz\u0105dzeniach mobilnych<\/strong><br>Ka\u017cdy model telefonu mo\u017ce t\u0119 funkcj\u0119 obs\u0142ugiwa\u0107 w inny spos\u00f3b. Dlatego zach\u0119camy do zapoznania si\u0119 z opcjami prywatno\u015bci w dokumentacji na stronie internetowej producenta Twojego urz\u0105dzenia mobilnego.<\/p>\n\n\n\n<p><\/p>\n","protected":false},"excerpt":{"rendered":"Od 26 kwiecie\u0144 2012, wszystkie strony internetowe UK musz\u0105 przestrzega\u0107 unijnej dyrektywy o prywatno\u015bci elektronicznej 2009\/136\/WE.&nbsp;Cookies to tylko niewielka cz\u0119\u015b\u0107 tej dyrektywy, a jednocze\u015bnie wci\u0105\u017c maj\u0105 Pa\u0144stwo prawo u\u017cywa\u0107 plik\u00f3w cookie na stronie internetowej, musi by\u0107 jasne, do odwiedzaj\u0105cych witryn\u0119, \u017ce pliki cookie s\u0105 u\u017cywane.Komunikat lub ostrze\u017cenie musi by\u0107 wy\u015bwietlany&hellip;\n","protected":false},"author":1,"featured_media":0,"parent":0,"menu_order":0,"comment_status":"closed","ping_status":"open","template":"","meta":{"footnotes":""},"class_list":["post-3","page","type-page","status-publish","hentry"],"_links":{"self":[{"href":"https:\/\/trojcazambrow.pl\/index.php\/wp-json\/wp\/v2\/pages\/3","targetHints":{"allow":["GET"]}}],"collection":[{"href":"https:\/\/trojcazambrow.pl\/index.php\/wp-json\/wp\/v2\/pages"}],"about":[{"href":"https:\/\/trojcazambrow.pl\/index.php\/wp-json\/wp\/v2\/types\/page"}],"author":[{"embeddable":true,"href":"https:\/\/trojcazambrow.pl\/index.php\/wp-json\/wp\/v2\/users\/1"}],"replies":[{"embeddable":true,"href":"https:\/\/trojcazambrow.pl\/index.php\/wp-json\/wp\/v2\/comments?post=3"}],"version-history":[{"count":1,"href":"https:\/\/trojcazambrow.pl\/index.php\/wp-json\/wp\/v2\/pages\/3\/revisions"}],"predecessor-version":[{"id":63,"href":"https:\/\/trojcazambrow.pl\/index.php\/wp-json\/wp\/v2\/pages\/3\/revisions\/63"}],"wp:attachment":[{"href":"https:\/\/trojcazambrow.pl\/index.php\/wp-json\/wp\/v2\/media?parent=3"}],"curies":[{"name":"wp","href":"https:\/\/api.w.org\/{rel}","templated":true}]}}