{"id":3018,"date":"2024-12-26T07:54:31","date_gmt":"2024-12-26T08:54:31","guid":{"rendered":"https:\/\/trojcazambrow.pl\/?page_id=3018"},"modified":"2024-12-26T07:54:32","modified_gmt":"2024-12-26T08:54:32","slug":"porzadek-odwiedzin-duszpasterskich-2024-2025","status":"publish","type":"page","link":"https:\/\/trojcazambrow.pl\/index.php\/porzadek-odwiedzin-duszpasterskich-2024-2025\/","title":{"rendered":"Porz\u0105dek odwiedzin duszpasterskich 2024\/2025"},"content":{"rendered":"\n<p><\/p>\n\n\n\n<figure class=\"wp-block-table\"><table class=\"has-fixed-layout\"><tbody><tr><td><strong>Data<\/strong><\/td><td><strong>Godzina<\/strong><\/td><td><strong>Miejscowo\u015b\u0107 \/ ulica<\/strong><\/td><td><strong>Ksi\u0105dz<\/strong><\/td><\/tr><tr><td rowspan=\"7\"><strong>27 grudnia (pi\u0105tek)<\/strong><\/td><td rowspan=\"4\">9:00<\/td><td>Krajewo Stare<br><br><\/td><td>1.<\/td><\/tr><tr><td>Krajewo \u0141\u0119towo<br><br><\/td><td>1.<\/td><\/tr><tr><td>W\u0105do\u0142ki Stare<br><br><\/td><td>1.<\/td><\/tr><tr><td>Nowe Zakrzewo<br><br><\/td><td>1.<\/td><\/tr><tr><td rowspan=\"3\">15:30<\/td><td>ul. \u0141om\u017cy\u0144ska 2<br><br><\/td><td>1.<\/td><\/tr><tr><td>al. Wojska Polskiego 44<br><br><\/td><td>1.<\/td><\/tr><tr><td>ul. Grunwaldzka 11 ul. Grunwaldzka 7<\/td><td>1.<br>2.<\/td><\/tr><tr><td rowspan=\"6\"><strong>28 grudnia<br>(sobota)<\/strong><\/td><td rowspan=\"3\">9:00<\/td><td>Wdzi\u0119ko\u0144 Pierwszy<\/td><td>1.<br>2.<\/td><\/tr><tr><td>Wdzi\u0119ko\u0144 Drugi<br><\/td><td>1.<\/td><\/tr><tr><td>Stare Zakrzewo<br><\/td><td>1.<\/td><\/tr><tr><td rowspan=\"3\">15:30<\/td><td>ul. Mazowiecka (domy prywatne) od ko\u015bcio\u0142a do ronda<\/td><td>1.<\/td><\/tr><tr><td>ul. Mazowiecka, ul Piaskowa, ul 71 PP (domy prywatne)<\/td><td>1.<\/td><\/tr><tr><td>al. Wojska Polskiego 46<\/td><td>1.<br>2.<\/td><\/tr><tr><td><strong>29 grudnia<br>(niedziela)<\/strong><\/td><td>14:00<\/td><td>ul. 71 PP 16<\/td><td>1.<br>2.<\/td><\/tr><tr><td rowspan=\"5\"><strong>30 grudnia<br>(poniedzia\u0142ek)<\/strong><\/td><td rowspan=\"2\">9:00<\/td><td>Stary Laskowiec<\/td><td>1. 2.<\/td><\/tr><tr><td>Krajewo Korytki<\/td><td>1. 2.<\/td><\/tr><tr><td rowspan=\"3\">15:30<\/td><td>ul. Legionowa 4<br><\/td><td>1.<\/td><\/tr><tr><td>ul. Magazynowa 15 i ul. Magazynowa 18<\/td><td>1.<\/td><\/tr><tr><td>al. Wojska Polskiego 48<\/td><td>1. 2.<\/td><\/tr><\/tbody><\/table><\/figure>\n\n\n\n<figure class=\"wp-block-table\"><table class=\"has-fixed-layout\"><tbody><tr><td rowspan=\"3\"><strong>31 grudnia<\/strong> <strong>(wtorek)<\/strong><\/td><td rowspan=\"3\">g: 9:00<\/td><td>Nowy Laskowiec + Kolonia<\/td><td>1. 2.<\/td><\/tr><tr><td>Krajewo Borowe<br><\/td><td>1.<\/td><\/tr><tr><td>Krajewo Bia\u0142e<br><\/td><td>1.<\/td><\/tr><tr><td rowspan=\"3\"><strong>2 stycznia<br>(czwartek)<\/strong><\/td><td rowspan=\"3\">g. 15:30<\/td><td>ul. \u0141om\u017cy\u0144ska (domy prywatne) od ko\u0144ca i Willowa<\/td><td>1.<\/td><\/tr><tr><td>ul. \u0141om\u017cy\u0144ska (od \u015bwiate\u0142)<br><\/td><td>1.<\/td><\/tr><tr><td>ul. Grunwaldzka 5<\/td><td>1.<br>2.<\/td><\/tr><tr><td rowspan=\"4\"><strong>3 stycznia<br>(pi\u0105tek)<br>I PI\u0104TEK<\/strong><\/td><td rowspan=\"4\">g.15:30<\/td><td>ul. Mazowiecka 18<br><\/td><td>1.<\/td><\/tr><tr><td>ul. \u015awi\u0119tokrzyska domy prywatne, ul. Mickiewicza, ul. Bia\u0142ostocka, Pl. Sikorskiego (domy prywatne )<\/td><td>1.<\/td><\/tr><tr><td>Plac Sikorskiego 1<br><\/td><td>1.<\/td><\/tr><tr><td>ul. \u015awi\u0119tokrzyska 4<br><\/td><td>1.<\/td><\/tr><tr><td rowspan=\"8\"><strong>4 stycznia<\/strong> <strong>(sobota)<\/strong><\/td><td rowspan=\"4\">g.9:00<\/td><td>W\u0105do\u0142ki Bu\u0107ki<br><\/td><td>1.<\/td><\/tr><tr><td>Grzyma\u0142y i W\u0105do\u0142ki Borowe<br><\/td><td>1.<\/td><\/tr><tr><td>S\u0119dziwuje Kolonie<br><\/td><td>1.<\/td><\/tr><tr><td>S\u0119dziwuje<br><\/td><td>1.<\/td><\/tr><tr><td rowspan=\"4\">g.15:30<\/td><td>ul. \u015awi\u0119tokrzyska 2<br><\/td><td>1.<\/td><\/tr><tr><td>ul \u015awi\u0119tokrzyska 3<br><\/td><td>1.<\/td><\/tr><tr><td>ul. \u015awi\u0119tokrzyska 6<br><\/td><td>1.<\/td><\/tr><tr><td>ul. \u015awi\u0119tokrzyska 7<br><\/td><td>1.<\/td><\/tr><\/tbody><\/table><\/figure>\n\n\n\n<figure class=\"wp-block-table\"><table class=\"has-fixed-layout\"><tbody><tr><td><strong>5 stycznia<\/strong> <strong>(niedziela)<\/strong><\/td><td>14:00<\/td><td>al. Wojska Polskiego 8<\/td><td>1.<br>2.<\/td><\/tr><tr><td rowspan=\"3\"><strong>7 stycznia (wtorek)<\/strong><\/td><td rowspan=\"3\">15:30<\/td><td>ul. Fabryczna 2,4,5.<\/td><td>1.<br>2.<\/td><\/tr><tr><td>ul. Mazowiecka 14<br><\/td><td>1.<\/td><\/tr><tr><td>ul. 71 PP 14<br><\/td><td>1.<\/td><\/tr><tr><td rowspan=\"4\"><strong>8 stycznia<\/strong> <strong>(\u015broda)<\/strong><\/td><td rowspan=\"4\">15:30<\/td><td>ul. Chopina<br><\/td><td>1.<\/td><\/tr><tr><td>ul. Polowa<br><\/td><td>1<\/td><\/tr><tr><td>ul. Cmentarna i ul. Milenijna<br><\/td><td>1<\/td><\/tr><tr><td>ul. \u015awi\u0119tokrzyska 1<br><\/td><td>1<\/td><\/tr><tr><td rowspan=\"2\"><strong>9 stycznia<\/strong> <strong>(czwartek)<\/strong><\/td><td rowspan=\"2\">15:30<\/td><td>ul. 71 PP 2<\/td><td>1.<br>2.<\/td><\/tr><tr><td>ul. Grunwaldzka 13<\/td><td>1.<br>2.<\/td><\/tr><tr><td rowspan=\"2\"><strong>10 stycznia<\/strong> <strong>(pi\u0105tek)<\/strong><\/td><td rowspan=\"2\">15:30<\/td><td>ul. 71 PP 4<\/td><td>1.<br>2.<\/td><\/tr><tr><td>ul. Grunwaldzka 9 i ul. Legionowa 6<\/td><td>1.<br>2.<\/td><\/tr><tr><td><strong>11 stycznia<\/strong> <strong>(sobota)<\/strong><\/td><td>9:00<\/td><td>Wola Zambrowska (ca\u0142o\u015b\u0107)<\/td><td>1.<br>2.<br>3.<br>4.<\/td><\/tr><tr><td><strong>12 stycznia<\/strong> <strong>(niedziela)<\/strong><\/td><td>14:00<\/td><td>ul. 71 PP 12<\/td><td>1.<br>1.<\/td><\/tr><tr><td rowspan=\"2\"><strong>13 stycznia<\/strong> <strong>(poniedzia\u0142ek)<\/strong><\/td><td rowspan=\"2\">15:30<\/td><td>ul. 71 PP 6<\/td><td>1.<br>2.<\/td><\/tr><tr><td>ul. 71 PP 8<\/td><td>1.<br>2.<\/td><\/tr><tr><td rowspan=\"4\"><strong>14 stycznia<\/strong> <strong>(wtorek)<\/strong><\/td><td rowspan=\"4\">15:30<\/td><td>ul. Ostrowska od p. Chludzi\u0144skiej<\/td><td>1<\/td><\/tr><tr><td>ul. Ostrowska od. P. Pruszy\u0144skich i ul. Spacerowa<\/td><td>1.<\/td><\/tr><tr><td>ul. Wilsona 1<\/td><td>1.<\/td><\/tr><tr><td>ul. \u0141\u0105kowa, Wodna i W\u0105ska<\/td><td>1.<\/td><\/tr><tr><td rowspan=\"2\"><strong>15 stycznia<\/strong> <strong>(\u015broda)<\/strong><\/td><td rowspan=\"2\">15:30<\/td><td>ul. \u015awi\u0119tokrzyska 5<\/td><td>1.<br>2.<\/td><\/tr><tr><td>ul. \u015awi\u0119tokrzyska 5a<\/td><td>1.<br>2.<\/td><\/tr><tr><td rowspan=\"3\"><strong>16 stycznia<\/strong> <strong>(czwartek)<\/strong><\/td><td rowspan=\"3\">15:30<\/td><td>al. Wojska Polskiego 11<\/td><td>1.<br>2.<\/td><\/tr><tr><td>al. Wojska Polskiego (domy prywatne) od Apteki i nr 20 i ul. Jantarowa<\/td><td>1.<\/td><\/tr><tr><td>al. Wojska Polskiego (od ko\u015bcio\u0142a) i ul. Raginisa (domy prywatne)<\/td><td>1.<\/td><\/tr><tr><td rowspan=\"4\"><strong>17 stycznia<\/strong> <strong>(pi\u0105tek)<\/strong><\/td><td rowspan=\"4\">15:30<\/td><td>ul Mazowiecka 16<\/td><td>1.<\/td><\/tr><tr><td>ul. W\u0105do\u0142kowska<\/td><td>1.<\/td><\/tr><tr><td>ul. Ko\u015bciuszki od poczty<br><\/td><td>1<\/td><\/tr><tr><td>ul. Ko\u015bciuszki od ko\u015bcio\u0142a<br><\/td><td>1.<\/td><\/tr><tr><td rowspan=\"4\"><strong>18 stycznia<\/strong> <strong>(sobota)<\/strong><\/td><td rowspan=\"4\">9.00<\/td><td>ul. Po\u015bwi\u0105tne od ko\u015bcio\u0142a i ul. Pogodna<\/td><td>1.<\/td><\/tr><tr><td>ul. Po\u015bwi\u0105tne od ko\u0144ca<br><\/td><td>1.<\/td><\/tr><tr><td>ul. Moniuszki i ul. Kr\u00f3tka<br><\/td><td>1.<\/td><\/tr><tr><td>ul. Wiejska i ul. Krajewskiego<br><\/td><td>1.<\/td><\/tr><tr><td rowspan=\"2\"><strong>19 stycznia<br>(niedziela)<\/strong><\/td><td rowspan=\"2\">14:00<\/td><td>ul. Obro\u0144c\u00f3w Zambrowa od cmentarza<\/td><td>1<\/td><\/tr><tr><td>ul. Obro\u0144c\u00f3w Zambrowa od ko\u015bcio\u0142a<br>i ul. Handlowa<\/td><td>1.<\/td><\/tr><tr><td rowspan=\"4\"><strong>20 stycznia<\/strong> <strong>(poniedzia\u0142ek)<\/strong><\/td><td rowspan=\"4\">15:30<\/td><td>ul. \u0141om\u017cy\u0144ska 4<br><\/td><td>1.<\/td><\/tr><tr><td>ul. Raginisa 20<br><\/td><td>1<\/td><\/tr><tr><td>ul. Raginisa 4<br><\/td><td>1.<\/td><\/tr><tr><td>ul. Raginisa 7<br><\/td><td>1.<\/td><\/tr><\/tbody><\/table><\/figure>\n\n\n\n<figure class=\"wp-block-table\"><table class=\"has-fixed-layout\"><tbody><tr><td rowspan=\"3\"><strong>21 stycznia<\/strong> <strong>(wtorek)<\/strong><\/td><td rowspan=\"3\">15:30<\/td><td>ul. Raginisa 5<br><\/td><td>1<\/td><\/tr><tr><td>ul Raginisa 6<\/td><td>1.<br>2.<\/td><\/tr><tr><td>ul. Raginisa 8<br><\/td><td>1.<\/td><\/tr><tr><td rowspan=\"3\"><strong>22 stycznia (\u015broda)<\/strong><\/td><td rowspan=\"3\">15:30<\/td><td>ul. Raginisa 12<br><\/td><td>1.<\/td><\/tr><tr><td>ul. Raginisa 13<br><\/td><td>1.<\/td><\/tr><tr><td>ul. Raginisa 16<\/td><td>1.<br>2.<\/td><\/tr><tr><td rowspan=\"2\"><strong>23 stycznia<br>(czwartek)<\/strong><\/td><td rowspan=\"2\">15:30<\/td><td>ul. Raginisa 3<br><\/td><td>1.<br>2.<\/td><\/tr><tr><td>ul. Raginisa 10<\/td><td>1<br>2.<\/td><\/tr><tr><td rowspan=\"2\"><strong>24 stycznia<\/strong> <strong>(pi\u0105tek)<\/strong><\/td><td rowspan=\"2\">15:30<\/td><td>ul. Raginisa 18<\/td><td>1.<br>2.<\/td><\/tr><tr><td>ul. Ogrodowa i Lipowa<\/td><td>1.<br>2.<\/td><\/tr><\/tbody><\/table><\/figure>\n","protected":false},"excerpt":{"rendered":"Data Godzina Miejscowo\u015b\u0107 \/ ulica Ksi\u0105dz 27 grudnia (pi\u0105tek) 9:00 Krajewo Stare 1. Krajewo \u0141\u0119towo 1. W\u0105do\u0142ki Stare 1. Nowe Zakrzewo 1. 15:30 ul. \u0141om\u017cy\u0144ska 2 1. al. Wojska Polskiego 44 1. ul. Grunwaldzka 11 ul. Grunwaldzka 7 1.2. 28 grudnia(sobota) 9:00 Wdzi\u0119ko\u0144 Pierwszy 1.2. Wdzi\u0119ko\u0144 Drugi 1. Stare Zakrzewo&hellip;\n","protected":false},"author":2,"featured_media":0,"parent":0,"menu_order":0,"comment_status":"closed","ping_status":"closed","template":"","meta":{"footnotes":""},"class_list":["post-3018","page","type-page","status-publish","hentry"],"_links":{"self":[{"href":"https:\/\/trojcazambrow.pl\/index.php\/wp-json\/wp\/v2\/pages\/3018","targetHints":{"allow":["GET"]}}],"collection":[{"href":"https:\/\/trojcazambrow.pl\/index.php\/wp-json\/wp\/v2\/pages"}],"about":[{"href":"https:\/\/trojcazambrow.pl\/index.php\/wp-json\/wp\/v2\/types\/page"}],"author":[{"embeddable":true,"href":"https:\/\/trojcazambrow.pl\/index.php\/wp-json\/wp\/v2\/users\/2"}],"replies":[{"embeddable":true,"href":"https:\/\/trojcazambrow.pl\/index.php\/wp-json\/wp\/v2\/comments?post=3018"}],"version-history":[{"count":1,"href":"https:\/\/trojcazambrow.pl\/index.php\/wp-json\/wp\/v2\/pages\/3018\/revisions"}],"predecessor-version":[{"id":3019,"href":"https:\/\/trojcazambrow.pl\/index.php\/wp-json\/wp\/v2\/pages\/3018\/revisions\/3019"}],"wp:attachment":[{"href":"https:\/\/trojcazambrow.pl\/index.php\/wp-json\/wp\/v2\/media?parent=3018"}],"curies":[{"name":"wp","href":"https:\/\/api.w.org\/{rel}","templated":true}]}}