{"id":862,"date":"2021-06-25T06:53:29","date_gmt":"2021-06-25T07:53:29","guid":{"rendered":"http:\/\/trojcazambrow.pl\/?page_id=862"},"modified":"2021-06-25T06:53:30","modified_gmt":"2021-06-25T07:53:30","slug":"katecheza-1-niedziela-13-06-2021-r","status":"publish","type":"page","link":"https:\/\/trojcazambrow.pl\/index.php\/katecheza-1-niedziela-13-06-2021-r\/","title":{"rendered":"Katecheza 1 \u2013 Niedziela 13.06.2021 r."},"content":{"rendered":"\n<p>M\u0142odo\u015b\u0107 Prymasa<\/p>\n\n\n\n<p>&nbsp;&nbsp;&nbsp;&nbsp;&nbsp;&nbsp;&nbsp;&nbsp; Zbli\u017caj\u0105ca si\u0119 beatyfikacja kard. Stefana Wyszy\u0144skiego, syna ziemi zuzelskiej, b\u0119d\u0105cej obecnie w granicach diecezji \u0142om\u017cy\u0144skiej, staje si\u0119 okazj\u0105 do spojrzenia na jego \u017cycie i zwi\u0105zki z nasz\u0105 diecezj\u0105. W dniu 12 wrze\u015bnia 2021 roku, wraz z Matk\u0105 R\u00f3\u017c\u0105 Czack\u0105, za\u0142o\u017cycielk\u0105 Zak\u0142adu dla Niewidomych w Laskach ko\u0142o Warszawy, dokona si\u0119 od dawna oczekiwana beatyfikacja naszego wielkiego Rodaka.<\/p>\n\n\n\n<p>&nbsp;&nbsp;&nbsp;&nbsp;&nbsp;&nbsp;&nbsp;&nbsp; &#8220;Urodzi\u0142em si\u0119 na styku Podlasia z Mazowszem. Pami\u0119tam do dzi\u015b dnia ludzi prostych, kt\u00f3rych obserwowa\u0142em jako ch\u0142opiec. Zdumiewaj\u0105ca by\u0142a ich spokojna, ufna wiara. Tego nie mo\u017cna nazwa\u0107 \u017cadn\u0105 miar\u0105 niewiedz\u0105 religijn\u0105, bo z tym si\u0119 \u0142\u0105czy patrzenie w g\u0142\u0105b, jakie\u015b niemal mistyczne obcowanie&#8221;. Tak m\u00f3wi\u0142 o Zuzeli po latach w Gnie\u017anie kard. Wyszy\u0144ski. W kwietniu 1910 roku pa\u0144stwo Wyszy\u0144scy przeprowadzili si\u0119 z Zuzeli do Andrzejewa gdzie ojciec pracowa\u0142 jako organista. To tutaj w XV wiecznej \u015bwi\u0105tyni rozwija\u0142o si\u0119 powo\u0142anie ma\u0142ego Stefana. To tu postanowi\u0142, \u017ce p\u00f3jdzie do Seminarium Duchownego. Sam Kardyna\u0142 wspomina\u0142, \u017ce zanim poszed\u0142 na dalsze studia, uczy\u0142 si\u0119 w miejscowych szko\u0142ach: &#8220;W Ziemi \u0141om\u017cy\u0144skiej ujrza\u0142em \u015bwiat\u0142o dzienne, ziemi tej odda\u0142em prochy mojej matki. Danym mi by\u0142o wykarmi\u0107 si\u0119 czarnym chlebem razowym tej ziemi, oddycha\u0107 jej powietrzem i korzysta\u0107 z jej s\u0142o\u0144ca&#8221;.<\/p>\n\n\n\n<p>&nbsp;&nbsp;&nbsp;&nbsp;&nbsp;&nbsp;&nbsp;&nbsp; W latach 1914 &#8211; 1917 m\u0142ody Stefan, nie mog\u0105c dosta\u0107 si\u0119 do szko\u0142y w Warszawie, oddzielonej od Andrzejewa lini\u0105 frontu, uczy\u0142 si\u0119 w Gimnazjum M\u0119skim im. Piotra Skargi w \u0141om\u017cy, mieszcz\u0105cego si\u0119 na skrzy\u017cowaniu ul. Dwornej z ul. Sadow\u0105. W tym czasie Stefan Wyszy\u0144ski mieszka\u0142 na stancji u jednego z profesor\u00f3w swojej szko\u0142y. Przyjmuje si\u0119, \u017ce mieszkanie to mie\u015bci\u0142o si\u0119 przy ul. Krzywe Ko\u0142o, nieopodal ko\u015bcio\u0142a ojc\u00f3w kapucyn\u00f3w.<\/p>\n\n\n\n<p>&nbsp;&nbsp;&nbsp;&nbsp;&nbsp;&nbsp;&nbsp;&nbsp; W tym czasie w\u0142adze okupacyjne zabroni\u0142y w \u0141om\u017cy dzia\u0142alno\u015bci organizacjom spo\u0142ecznym, w tym harcerstwu. Zdarza\u0142o si\u0119 te\u017c, \u017ce podejrzanych o przynale\u017cno\u015b\u0107 do tej m\u0142odzie\u017cowej organizacji skazywano na kar\u0119 25 raz\u00f3w wymierzanych pejczami. M\u0142ody Stefan bardzo aktywnie udziela\u0142 si\u0119 w \u0142om\u017cy\u0144skim harcerstwie i nieraz z\u0142apany przez Niemc\u00f3w, otrzymywa\u0142 kary ch\u0142osty. Wspominaj\u0105c te kary powie p\u00f3\u017aniej, i\u017c by\u0142y to jego pierwsze cierpienia poniesione dla Ojczyzny. &nbsp;&nbsp;&nbsp;&nbsp;&nbsp;&nbsp;&nbsp;&nbsp; M\u0142odzie\u017c mieszkaj\u0105ca w \u0141om\u017cy musia\u0142a te\u017c walczy\u0107 z g\u0142odem. Stefan od czasu do czasu otrzymywa\u0142 od rodziny paczki \u017cywno\u015bciowe, zawarto\u015bci\u0105 kt\u00f3rych dzieli\u0142 si\u0119 z kolegami. Ucze\u0144 Gimnazjum cz\u0119sto modli\u0142 si\u0119 w \u00f3wczesnej \u0142om\u017cy\u0144skiej Farze &#8211; dzisiejszej Katedrze, w kt\u00f3rej dojrzewa\u0142o jego powo\u0142anie. To w tym okresie, podczas wakacji 1917 roku, po raz pierwszy powiedzia\u0142 swojemu ojcu, \u017ce zamierza zosta\u0107 ksi\u0119dzem. W wyniku tej decyzji opu\u015bci\u0142 \u0141om\u017c\u0119 i podj\u0105\u0142 nauk\u0119 w Ni\u017cszym Seminarium Duchownym we W\u0142oc\u0142awku.<\/p>\n","protected":false},"excerpt":{"rendered":"M\u0142odo\u015b\u0107 Prymasa &nbsp;&nbsp;&nbsp;&nbsp;&nbsp;&nbsp;&nbsp;&nbsp; Zbli\u017caj\u0105ca si\u0119 beatyfikacja kard. Stefana Wyszy\u0144skiego, syna ziemi zuzelskiej, b\u0119d\u0105cej obecnie w granicach diecezji \u0142om\u017cy\u0144skiej, staje si\u0119 okazj\u0105 do spojrzenia na jego \u017cycie i zwi\u0105zki z nasz\u0105 diecezj\u0105. W dniu 12 wrze\u015bnia 2021 roku, wraz z Matk\u0105 R\u00f3\u017c\u0105 Czack\u0105, za\u0142o\u017cycielk\u0105 Zak\u0142adu dla Niewidomych w Laskach ko\u0142o Warszawy,&hellip;\n","protected":false},"author":2,"featured_media":0,"parent":0,"menu_order":0,"comment_status":"closed","ping_status":"closed","template":"","meta":{"footnotes":""},"class_list":["post-862","page","type-page","status-publish","hentry"],"_links":{"self":[{"href":"https:\/\/trojcazambrow.pl\/index.php\/wp-json\/wp\/v2\/pages\/862","targetHints":{"allow":["GET"]}}],"collection":[{"href":"https:\/\/trojcazambrow.pl\/index.php\/wp-json\/wp\/v2\/pages"}],"about":[{"href":"https:\/\/trojcazambrow.pl\/index.php\/wp-json\/wp\/v2\/types\/page"}],"author":[{"embeddable":true,"href":"https:\/\/trojcazambrow.pl\/index.php\/wp-json\/wp\/v2\/users\/2"}],"replies":[{"embeddable":true,"href":"https:\/\/trojcazambrow.pl\/index.php\/wp-json\/wp\/v2\/comments?post=862"}],"version-history":[{"count":1,"href":"https:\/\/trojcazambrow.pl\/index.php\/wp-json\/wp\/v2\/pages\/862\/revisions"}],"predecessor-version":[{"id":863,"href":"https:\/\/trojcazambrow.pl\/index.php\/wp-json\/wp\/v2\/pages\/862\/revisions\/863"}],"wp:attachment":[{"href":"https:\/\/trojcazambrow.pl\/index.php\/wp-json\/wp\/v2\/media?parent=862"}],"curies":[{"name":"wp","href":"https:\/\/api.w.org\/{rel}","templated":true}]}}