{"id":885,"date":"2021-07-09T04:19:21","date_gmt":"2021-07-09T05:19:21","guid":{"rendered":"http:\/\/trojcazambrow.pl\/?page_id=885"},"modified":"2021-07-09T04:21:29","modified_gmt":"2021-07-09T05:21:29","slug":"katecheza-3-prymas-tysiaclecia-i-rodzina","status":"publish","type":"page","link":"https:\/\/trojcazambrow.pl\/index.php\/katecheza-3-prymas-tysiaclecia-i-rodzina\/","title":{"rendered":"Katecheza 3 &#8211; Niedziela 11 lipca 2021 r."},"content":{"rendered":"\n<p><strong>&nbsp;&nbsp;&nbsp;&nbsp;&nbsp;&nbsp;&nbsp;&nbsp;&nbsp;&nbsp;&nbsp;&nbsp;&nbsp;&nbsp;&nbsp;&nbsp;&nbsp;&nbsp;&nbsp;&nbsp;&nbsp;&nbsp;&nbsp;&nbsp;&nbsp;&nbsp;&nbsp;&nbsp;&nbsp;&nbsp;&nbsp; Prymas Tysi\u0105clecia i Rodzina<\/strong><\/p>\n\n\n\n<p>&nbsp;&nbsp;&nbsp;&nbsp;&nbsp;&nbsp;&nbsp;&nbsp;&nbsp;&nbsp;&nbsp; Kardyna\u0142 Stefan Wyszy\u0144ski po\u015bwi\u0119ca\u0142 w swoim nauczaniu i pos\u0142ugiwaniu wiele uwagi tematowi rodziny. Zawsze \u0142\u0105czy\u0142 dwie kwestie: mi\u0142o\u015b\u0107 do Ojczyzny i dobro rodziny.<\/p>\n\n\n\n<p>&nbsp;&nbsp;&nbsp;&nbsp;&nbsp;&nbsp;&nbsp;&nbsp;&nbsp;&nbsp;&nbsp; W swoich kazaniach lub mowach kre\u015bli\u0142 jasny i przejrzysty obraz rodziny i jej problem\u00f3w. Obraz, kt\u00f3ry nawet dzi\u015b zadziwia swoj\u0105 jasno\u015bci\u0105 i aktualno\u015bci\u0105. W czasie uroczysto\u015bci \u015bw. Stanis\u0142awa na Ska\u0142ce w Krakowie, 8 maja 1978 roku, Prymas Tysi\u0105clecia m\u00f3wi\u0142:<\/p>\n\n\n\n<p><strong><em>&nbsp;&nbsp;&nbsp;&nbsp;&nbsp;&nbsp;&nbsp;&nbsp;&nbsp;&nbsp;&nbsp; <\/em><\/strong><em>\u201eZastanawiaj\u0105 si\u0119 ludzie dlaczego u nas tyle ba\u0142aganu, skoro nar\u00f3d wierz\u0105cy. Zapewne, ten tak zwany nie\u0142ad nie zale\u017cy tylko od ka\u017cdego z nas. To niemal\u017ce zbiorowy nie\u0142ad. A dlaczego on jest? Dlaczego, uwa\u017caj\u0105c si\u0119 za chrze\u015bcijan, katolik\u00f3w, bardzo cz\u0119sto zapominamy, \u017ce z tym \u0142\u0105czy si\u0119 poczucie rodzinno\u015bci. Mamy mie\u0107 \u015bwiadomo\u015b\u0107 rodzinno\u015bci nie tylko w naszym domu, gdzie \u017cyje ojciec, matka i dzieci. To jest rodzina niew\u0105tpliwie, to najbardziej podstawowa kom\u00f3rka \u017cycia spo\u0142ecznego. Bez rodziny nie ma narodu, tak jak bez narodu trudno sobie wyobrazi\u0107 zdrowe, porz\u0105dne pa\u0144stwo. W rodzinie rodzi si\u0119 nar\u00f3d i wychowuje si\u0119 poczucie \u0142adu spo\u0142ecznego\u201d.<\/em><\/p>\n\n\n\n<p>&nbsp;&nbsp;&nbsp;&nbsp;&nbsp;&nbsp;&nbsp;&nbsp;&nbsp;&nbsp;&nbsp; Dzi\u015b tak cz\u0119sto narzekamy na kondycj\u0119 rodziny, wychowanie dzieci i m\u0142odzie\u017cy. Jednak czy s\u0142owa Prymasa Tysi\u0105clecia nie s\u0105 dla nas samych oskar\u017ceniem. Pozwalamy przecie\u017c tak cz\u0119sto za publiczne pieni\u0105dze deprawowa\u0107 dzieci i m\u0142odzie\u017c oraz niszczy\u0107 rodzin\u0119. Zezwalamy na to finansowo lub moralnie, oddaj\u0105c sw\u00f3j g\u0142os i popieraj\u0105c tych, kt\u00f3rzy s\u0105 przeciw rodzinie, za legalizacj\u0105 aborcji, eutanazji, za zwi\u0105zkami homoseksualnymi. Popatrzymy na tych ludzi w \u015bwietle s\u0142\u00f3w Prymasa. Wszak ich dzia\u0142anie to nic innego, jak niszczenie rodziny, a tym samym niszczenie narodu. Dlaczego na to pozwalamy?<\/p>\n\n\n\n<p>&nbsp;&nbsp;&nbsp;&nbsp;&nbsp;&nbsp;&nbsp;&nbsp;&nbsp;&nbsp;&nbsp; Kardyna\u0142 Prymas traktowa\u0142 rodzin\u0119 jako twierdz\u0119 wiary narodu. W czasie uroczysto\u015bci Wniebowzi\u0119cia NMP na Jasnej G\u00f3rze, 15 sierpnia 1978 roku, m\u00f3wi\u0142:<\/p>\n\n\n\n<p><strong><em>&nbsp;&nbsp;&nbsp;&nbsp;&nbsp;&nbsp;&nbsp;&nbsp;&nbsp;&nbsp;&nbsp; <\/em><\/strong><em>\u201eWiara jest umacniania i rozkrzewiana w \u015bwi\u0105tyniach, gdzie przychodz\u0105 wierni, aby s\u0142ucha\u0107 o Bogu, aby si\u0119 z Nim spotka\u0107<br>i w sakramentach \u015bwi\u0119tych zjednoczy\u0107. Ale by ludzie przyszli do \u015bwi\u0105tyni, musz\u0105 tego pragn\u0105\u0107, musz\u0105 wierzy\u0107, a prawdy wiary musz\u0105 pozna\u0107<br>w rodzinie. Rodzina jest niejako pierwsz\u0105 \u015bwi\u0105tyni\u0105, gdzie dzieci dowiaduj\u0105 si\u0119 o Bogu, jest pierwsz\u0105 szko\u0142\u0105 wychowania chrze\u015bcija\u0144skiego. To, co ojciec<br>i matka przeka\u017c\u0105 dziecku z prawd wiary, tak zapada w dusze, jest tak\u0105 si\u0142\u0105<br>i pot\u0119g\u0105, \u017ce pozostaje niezatarte w sercu cz\u0142owieka nieraz do ko\u0144ca \u017cycia, cho\u0107by przeszed\u0142 on przez ca\u0142e okresy b\u0142\u0119dnych dr\u00f3g. Zdarza si\u0119, \u017ce po latach odej\u015bcia od Boga, a mo\u017ce i wojowania z Nim, cz\u0142owiek udr\u0119czony \u017cyciem wraca do prawd, kt\u00f3re wpoi\u0142a mu matka. Dlatego gdy B\u00f3g jest usuwany<br>z wychowania i ze wszystkich miejsc w \u017cyciu publicznym, musi si\u0119 znale\u017a\u0107<br>w Polsce bezpieczne miejsce dla Niego\u201d.<\/em><\/p>\n\n\n\n<p>&nbsp;&nbsp;&nbsp;&nbsp;&nbsp;&nbsp;&nbsp;&nbsp;&nbsp;&nbsp;&nbsp; Dzi\u015b cz\u0119sto mo\u017cna us\u0142ysze\u0107 z ust rodzic\u00f3w, \u017ce od religijnego wychowania dzieci<br>i m\u0142odzie\u017cy jest Ko\u015bci\u00f3\u0142, katecheza w szkole, grupy parafialne. W samej rodzinie brakuje przecie\u017c nawet podstawowych element\u00f3w religijnej atmosfery. Tymczasem nikt w Ko\u015bciele, szkole czy na katechezie nie jest w stanie wychowa\u0107 w wierze m\u0142odego cz\u0142owieka, je\u015bli wraca do \u015brodowiska rodzinnego, gdzie cz\u0119sto \u017cyje si\u0119 tak \u201ejakby Boga nie by\u0142o\u201d. Na takim fundamencie niczego nie zbudujemy.<\/p>\n\n\n\n<p>&nbsp;&nbsp;&nbsp;&nbsp;&nbsp;&nbsp;&nbsp;&nbsp;&nbsp;&nbsp;&nbsp; Kardyna\u0142 Wyszy\u0144ski nie tylko widzia\u0142 zagro\u017cenia, ale dawa\u0142 te\u017c szczeg\u00f3\u0142owe wskazania, jak w duchu wiary przezwyci\u0119\u017cy\u0107 kryzys rodziny. Wskazywa\u0142 na potrzeb\u0119 \u0142adu \u017cycia rodzinnego. M\u00f3wi\u0142 m.in. w czasie uroczysto\u015bci Matki Bo\u017cej Cz\u0119stochowskiej na Jasnej G\u00f3rze, 26 sierpnia 1980 roku:<\/p>\n\n\n\n<p><em>\u201e\u0141ad \u017cycia rodzinnego. (\u2026) To jest wielka praca. U\u015bwiadomili\u015bmy sobie, \u017ce musi w naszym \u017cyciu narodowym istnie\u0107 prymat rodziny. W tym prymacie rodziny, tak jak w ko\u0142ysce, najwa\u017cniejszy jest prymat \u017cycia i obrony \u017cycia, gwarancja dla rodz\u0105cych si\u0119 Polak\u00f3w, \u017ce ukszta\u0142towani mocami Bo\u017cymi pod sercami swych matek, b\u0119d\u0105 mogli bezpiecznie w Ojczy\u017anie Polak\u00f3w \u017cy\u0107, rozpocz\u0105\u0107 swoje dzieje, rozwin\u0105\u0107 je, us\u0142u\u017cy\u0107 Ojczy\u017anie i wr\u00f3ci\u0107 do Ojca Niebieskiego, z kt\u00f3rego wszelkie \u017cycie si\u0119 wywodzi. Je\u017celi tak, je\u017celi istnieje prymat rodziny w spo\u0142ecze\u0144stwie, je\u017celi w rodzinie jest prymat \u017cycia, w takim razie ekonomia narodowa, czyli gospodarka narodowa, musi by\u0107 poniek\u0105d rodzinna. To znaczy ca\u0142e \u017cycie nasze gospodarcze, ca\u0142y nasz trud, codzienny wysi\u0142ek czy to na roli, czy w kopalniach, w fabrykach, w warsztatach, czy na urz\u0119dach, w szko\u0142ach i uczelniach akademickich, ca\u0142e \u017cycie spo\u0142eczne musi by\u0107 ukierunkowane ku rodzinie. Ekonomia narodowa musi mie\u0107 na uwadze zaspokojenie potrzeb rodzin ludzi ci\u0119\u017cko pracuj\u0105cych. (\u2026) Dlatego te\u017c wsz\u0119dzie gdzie by nale\u017ca\u0142o, trzeba wstrzyma\u0107 si\u0119 od wszystkiego, co podwa\u017ca ustalony byt rodziny. Nale\u017ca\u0142oby np. zaprzesta\u0107 podwa\u017cania bytu rodziny przez wysiedlanie z w\u0142asnego domu, z w\u0142asnej gospodarki rolnej, ze zdobytego nieraz dzi\u0119ki bardzo ci\u0119\u017ckiej pracy i oszcz\u0119dno\u015bci ca\u0142ego \u017cycia o\u015brodka bytowania rodziny, kt\u00f3ry zabezpiecza jej przestrze\u0144 \u017cyciow\u0105. Tego wszystkiego nale\u017ca\u0142oby w naszej Ojczy\u017anie unika\u0107.\u201d.<\/em><\/p>\n","protected":false},"excerpt":{"rendered":"&nbsp;&nbsp;&nbsp;&nbsp;&nbsp;&nbsp;&nbsp;&nbsp;&nbsp;&nbsp;&nbsp;&nbsp;&nbsp;&nbsp;&nbsp;&nbsp;&nbsp;&nbsp;&nbsp;&nbsp;&nbsp;&nbsp;&nbsp;&nbsp;&nbsp;&nbsp;&nbsp;&nbsp;&nbsp;&nbsp;&nbsp; Prymas Tysi\u0105clecia i Rodzina &nbsp;&nbsp;&nbsp;&nbsp;&nbsp;&nbsp;&nbsp;&nbsp;&nbsp;&nbsp;&nbsp; Kardyna\u0142 Stefan Wyszy\u0144ski po\u015bwi\u0119ca\u0142 w swoim nauczaniu i pos\u0142ugiwaniu wiele uwagi tematowi rodziny. Zawsze \u0142\u0105czy\u0142 dwie kwestie: mi\u0142o\u015b\u0107 do Ojczyzny i dobro rodziny. &nbsp;&nbsp;&nbsp;&nbsp;&nbsp;&nbsp;&nbsp;&nbsp;&nbsp;&nbsp;&nbsp; W swoich kazaniach lub mowach kre\u015bli\u0142 jasny i przejrzysty obraz rodziny i jej problem\u00f3w. Obraz, kt\u00f3ry nawet dzi\u015b zadziwia swoj\u0105&hellip;\n","protected":false},"author":2,"featured_media":0,"parent":0,"menu_order":0,"comment_status":"closed","ping_status":"closed","template":"","meta":{"footnotes":""},"class_list":["post-885","page","type-page","status-publish","hentry"],"_links":{"self":[{"href":"https:\/\/trojcazambrow.pl\/index.php\/wp-json\/wp\/v2\/pages\/885","targetHints":{"allow":["GET"]}}],"collection":[{"href":"https:\/\/trojcazambrow.pl\/index.php\/wp-json\/wp\/v2\/pages"}],"about":[{"href":"https:\/\/trojcazambrow.pl\/index.php\/wp-json\/wp\/v2\/types\/page"}],"author":[{"embeddable":true,"href":"https:\/\/trojcazambrow.pl\/index.php\/wp-json\/wp\/v2\/users\/2"}],"replies":[{"embeddable":true,"href":"https:\/\/trojcazambrow.pl\/index.php\/wp-json\/wp\/v2\/comments?post=885"}],"version-history":[{"count":3,"href":"https:\/\/trojcazambrow.pl\/index.php\/wp-json\/wp\/v2\/pages\/885\/revisions"}],"predecessor-version":[{"id":888,"href":"https:\/\/trojcazambrow.pl\/index.php\/wp-json\/wp\/v2\/pages\/885\/revisions\/888"}],"wp:attachment":[{"href":"https:\/\/trojcazambrow.pl\/index.php\/wp-json\/wp\/v2\/media?parent=885"}],"curies":[{"name":"wp","href":"https:\/\/api.w.org\/{rel}","templated":true}]}}