{"id":910,"date":"2021-07-21T06:17:32","date_gmt":"2021-07-21T07:17:32","guid":{"rendered":"http:\/\/trojcazambrow.pl\/?page_id=910"},"modified":"2021-07-21T06:17:33","modified_gmt":"2021-07-21T07:17:33","slug":"katecheza-5-niedziela-25-lipca-2021-r","status":"publish","type":"page","link":"https:\/\/trojcazambrow.pl\/index.php\/katecheza-5-niedziela-25-lipca-2021-r\/","title":{"rendered":"Katecheza 5 &#8211; Niedziela 25 lipca 2021 r."},"content":{"rendered":"\n<p class=\"has-text-align-center\"><strong>Prymas Wyszy\u0144ski o kap\u0142a\u0144stwie<\/strong><\/p>\n\n\n\n<p>Podczas obchod\u00f3w milenijnych Chrztu Polski w \u0141om\u017cy kardyna\u0142 Stefan Wyszy\u0144ski wyzna\u0142: \u201e<strong>w\u0142a\u015bnie tutaj, w \u0141om\u017cy, kszta\u0142towa\u0142o si\u0119 moje powo\u0142anie kap\u0142a\u0144skie\u201d. Podczas odwiedzin parafii Andrzejewo 13 czerwca 1971 roku, m\u00f3wi\u0142, \u017ce decyzj\u0119 o wyborze drogi do kap\u0142a\u0144stwa podj\u0105\u0142 ju\u017c w andrzejewskim ko\u015bciele: <\/strong><em>S\u0142usznie powiedziano, \u017ce w tej \u015bwi\u0105tyni kszta\u0142towa\u0142, si\u0119, rozwija\u0142o i dochodzi\u0142o do \u015bwiadomo\u015bci moje powo\u0142anie kap\u0142a\u0144skie. Tutaj postanowi\u0142em, \u017ce p\u00f3jd\u0119 do Seminarium i b\u0119d\u0119 pracowa\u0142 nad tym, aby zas\u0142u\u017cy\u0107 sobie na \u0142ask\u0119 kap\u0142a\u0144stwa. I tu po raz pierwszy wyjawi\u0142em swoj\u0105 tajemnic\u0119 mojemu Ojcu, kt\u00f3ry tyle lat s\u0142u\u017cy\u0142 Wam ku wi\u0119kszej chwale Bo\u017cej. Nie bez oporu otrzyma\u0142em od Ojca b\u0142ogos\u0142awie\u0144stwo na drog\u0119 do Kap\u0142a\u0144stwa Chrystusowego.<\/em><\/p>\n\n\n\n<p>Z powo\u0142aniem \u0142\u0105czy si\u0119 misterium woli Bo\u017cej i Bo\u017cego dzia\u0142ania. To B\u00f3g wybiera, ustanawia i posy\u0142a.<\/p>\n\n\n\n<p>Wybranie. Kap\u0142a\u0144stwo jest \u0142ask\u0105.Ka\u017cdy powo\u0142any \u201erodzi si\u0119 do swego kap\u0142a\u0144stwa w planie Ojca z woli Syna Bo\u017cego \u2013 Najwy\u017cszego Kap\u0142ana, moc\u0105 Ducha \u015awi\u0119tego\u201d. Powo\u0142anie do kap\u0142a\u0144stwa znajduje swoje miejsce w odwiecznym planie Boga. U\u015bwiadomienie sobie faktu wybrania przez powo\u0142anego dokonuje si\u0119 w konkretnym czasie i jest zawsze tajemnic\u0105 dzia\u0142ania \u0142aski Bo\u017cej w sercu i duszy cz\u0142owieka. Jest to tajemnica, kt\u00f3ra rozgrywa si\u0119 mi\u0119dzy Chrystusem a powo\u0142anym. Sam powo\u0142any wezwany jest, aby t\u0119 \u0142ask\u0119 i tajemnic\u0119 zg\u0142\u0119bia\u0107 wchodz\u0105c w coraz bardziej osobist\u0105 i za\u017cy\u0142\u0105 relacj\u0119 z Chrystusem, Jedynym i Najwy\u017cszym Kap\u0142anem. W tym jedynym kap\u0142a\u0144stwie Chrystusa uczestnicz\u0105 powo\u0142ani \u201ejednym sercem i jednym cia\u0142em\u201d.<\/p>\n\n\n\n<p>To B\u00f3g wybiera kandydat\u00f3w do kap\u0142a\u0144stwa, kt\u00f3rzy przyjmuj\u0105 sakrament nie dla siebie, ale dla tych spo\u015br\u00f3d kt\u00f3rych B\u00f3g ich wybra\u0142. G\u0142os powo\u0142uj\u0105cego Boga jest bardzo cz\u0119sto g\u0142osem przynaglaj\u0105cym, aby zostawi\u0107 wszystko i po\u015bwi\u0119ci\u0107 si\u0119 zadaniom przewidzianym przez Opatrzno\u015b\u0107. Kap\u0142an, to zdaniem Ksi\u0119dza Prymasa, cz\u0142owiek \u201ewzi\u0119ty\u201d, zagarni\u0119ty przez Boga.<\/p>\n\n\n\n<p>Ustanowienie kap\u0142anem dokonuje si\u0119 przez pos\u0142ug\u0119 Ko\u015bcio\u0142a. W liturgii \u015bwi\u0119ce\u0144 Ko\u015bci\u00f3\u0142 potwierdza fakt powo\u0142ania konkretnego cz\u0142owieka przez Boga. \u201eM\u0142ode zast\u0119py powo\u0142anych przejmuj\u0105 \u2013 jak si\u0119 wyrazi\u0142 Ksi\u0105dz Prymas \u2013 Krzy\u017c i Ewangeli\u0119, a tak\u017ce ca\u0142e pos\u0142annictwo Chrystusa ze s\u0142abn\u0105cych d\u0142oni swych poprzednik\u00f3w. Dzi\u0119ki temu w\u0142a\u015bnie kap\u0142a\u0144stwo Chrystusa trwa nieustannie w Ko\u015bciele i jest udzielane przez pos\u0142ugiwanie Ojca \u015bwi\u0119tego i biskup\u00f3w.<\/p>\n\n\n\n<p>Pos\u0142anie. Kap\u0142an pos\u0142any jest do Ludu Bo\u017cego. Jego zadaniem \u2013 wed\u0142ug Ksi\u0119dza Prymasa \u2013 jest uczenie si\u0119 wra\u017cliwo\u015bci na potrzeby tego ludu. Wsp\u00f3\u0142brzmi to ze s\u0142owami papie\u017ca Franciszka, i\u017c pasterz powinien \u201epachnie\u0107 owcami\u201d, zna\u0107 swoich wiernych, ich problemy, rado\u015bci, b\u00f3le i nadzieje. Powinien te\u017c \u017cy\u0107 wiar\u0105 prost\u0105 i ufn\u0105, kt\u00f3rej przyk\u0142ad odnajduje w tych, dla kt\u00f3rych sprawuje pos\u0142ug\u0119. Pos\u0142annictwo wymaga ducha ofiary na wz\u00f3r Chrystusa, kt\u00f3ry nie przyszed\u0142, aby Mu s\u0142u\u017cono, lecz aby s\u0142u\u017cy\u0107.<\/p>\n\n\n\n<p>Kardyna\u0142 Wyszy\u0144ski przypomina\u0142 kap\u0142anom konieczno\u015b\u0107 na\u015bladowania Chrystusa. Na\u015bladowanie obejmuje s\u0142owa, czyny i cnoty Chrystusa: pokor\u0119, cierpliwo\u015b\u0107, wyrozumia\u0142o\u015b\u0107, mi\u0142o\u015b\u0107 i m\u0119stwo. Ucze\u0144 na\u015bladuj\u0105cy swojego Mistrza upodabnia si\u0119 do niego. W \u017cyciu kap\u0142ana powinien okazywa\u0107 si\u0119 duch ofiary Zbawiciela, obraz Chrystusa Kap\u0142ana i Hostii, upodobnienie do Mistrza w pracy i w \u015bmierci, picie z kielicha M\u0119ki Pa\u0144skiej. Tylko wtedy \u017cycie i pos\u0142uga kap\u0142ana b\u0119dzie owocne i coraz bardziej b\u0119dzie przynosi\u0107 owoc poprzez g\u0142\u0119bsze zjednoczenie si\u0119 z Nim.<\/p>\n\n\n\n<p>Czas oczekiwania na beatyfikacj\u0119 Kardyna\u0142a Wyszy\u0144skiego przypada na miesi\u0105ce wakacyjne. To czas kiedy wielu m\u0142odych my\u015bli o swojej przysz\u0142o\u015bci. Do wielu m\u0142odych serc Chrystus kieruje wezwanie do s\u0142u\u017cby Bogu i cz\u0142owiekowi w kap\u0142a\u0144stwie i \u017cyciu konsekrowanym. Drodzy M\u0142odzi, do was Pan kieruje s\u0142owo wybrania, chce was ustanowi\u0107 swoimi s\u0142ugami i pos\u0142a\u0107 na g\u0142oszenie Ewangelii. Przez wstawiennictwo S\u0142ugi Bo\u017cego Kardyna\u0142a Stefana Wyszy\u0144skiego, pro\u015bcie by to s\u0142owo rozpozna\u0107 i uwierzy\u0107 sercem, \u017ce Chrystus zaprasza do pracy w swoim Ko\u015bciele.<\/p>\n","protected":false},"excerpt":{"rendered":"Prymas Wyszy\u0144ski o kap\u0142a\u0144stwie Podczas obchod\u00f3w milenijnych Chrztu Polski w \u0141om\u017cy kardyna\u0142 Stefan Wyszy\u0144ski wyzna\u0142: \u201ew\u0142a\u015bnie tutaj, w \u0141om\u017cy, kszta\u0142towa\u0142o si\u0119 moje powo\u0142anie kap\u0142a\u0144skie\u201d. Podczas odwiedzin parafii Andrzejewo 13 czerwca 1971 roku, m\u00f3wi\u0142, \u017ce decyzj\u0119 o wyborze drogi do kap\u0142a\u0144stwa podj\u0105\u0142 ju\u017c w andrzejewskim ko\u015bciele: S\u0142usznie powiedziano, \u017ce w tej&hellip;\n","protected":false},"author":2,"featured_media":0,"parent":0,"menu_order":0,"comment_status":"closed","ping_status":"closed","template":"","meta":{"footnotes":""},"class_list":["post-910","page","type-page","status-publish","hentry"],"_links":{"self":[{"href":"https:\/\/trojcazambrow.pl\/index.php\/wp-json\/wp\/v2\/pages\/910","targetHints":{"allow":["GET"]}}],"collection":[{"href":"https:\/\/trojcazambrow.pl\/index.php\/wp-json\/wp\/v2\/pages"}],"about":[{"href":"https:\/\/trojcazambrow.pl\/index.php\/wp-json\/wp\/v2\/types\/page"}],"author":[{"embeddable":true,"href":"https:\/\/trojcazambrow.pl\/index.php\/wp-json\/wp\/v2\/users\/2"}],"replies":[{"embeddable":true,"href":"https:\/\/trojcazambrow.pl\/index.php\/wp-json\/wp\/v2\/comments?post=910"}],"version-history":[{"count":1,"href":"https:\/\/trojcazambrow.pl\/index.php\/wp-json\/wp\/v2\/pages\/910\/revisions"}],"predecessor-version":[{"id":911,"href":"https:\/\/trojcazambrow.pl\/index.php\/wp-json\/wp\/v2\/pages\/910\/revisions\/911"}],"wp:attachment":[{"href":"https:\/\/trojcazambrow.pl\/index.php\/wp-json\/wp\/v2\/media?parent=910"}],"curies":[{"name":"wp","href":"https:\/\/api.w.org\/{rel}","templated":true}]}}