{"id":939,"date":"2021-08-05T07:39:34","date_gmt":"2021-08-05T08:39:34","guid":{"rendered":"http:\/\/trojcazambrow.pl\/?page_id=939"},"modified":"2021-08-05T07:42:57","modified_gmt":"2021-08-05T08:42:57","slug":"test","status":"publish","type":"page","link":"https:\/\/trojcazambrow.pl\/index.php\/test\/","title":{"rendered":"Katecheza 8 &#8211; Niedziela 15 sierpnia 2021 r."},"content":{"rendered":"\n<p><strong>Prymas Wyszy\u0144ski a Maryja (1)<\/strong><\/p>\n\n\n\n<p><strong>\u201eWszystko postawi\u0142em na Maryj\u0119\u201d<\/strong><\/p>\n\n\n\n<p>Zwi\u0105zek osobisty kard. Wyszy\u0144skiego z Matk\u0105 Naj\u015bwi\u0119tsz\u0105, czego p\u00f3\u017aniej konsekwencj\u0105 by\u0142a wieloraka obecno\u015b\u0107 tematyki Maryjnej w jego pasterskim nauczaniu i w przygotowywanych programach duszpasterskich dla Ko\u015bcio\u0142a w Polsce \u2013 to temat bardzo szeroki. Obejmuje to zagadnienie bardzo wiele w\u0105tk\u00f3w i wydarze\u0144 z r\u00f3\u017cnych moment\u00f3w jego \u017cycia. W tym miejscu mo\u017cemy dotkn\u0105\u0107 tylko ich cz\u0119\u015b\u0107, i to w spos\u00f3b bardo zwi\u0119z\u0142y.<\/p>\n\n\n\n<p>&nbsp;&nbsp;&nbsp;&nbsp;&nbsp;&nbsp;&nbsp;&nbsp;&nbsp;&nbsp;&nbsp; Aby m\u00f3wi\u0107 o przywi\u0105zaniu kard. Wyszy\u0144skiego do Matki Bo\u017cej, trzeba si\u0119gn\u0105\u0107 do pocz\u0105tk\u00f3w jego ziemskiego \u017cycia. Ju\u017c z domu rodzinnego wyni\u00f3s\u0142 pobo\u017cno\u015b\u0107 maryjn\u0105. Jego rodzicom bliski by\u0142 kult Matki Bo\u017cej. Pielgrzymowanie ojca na Jasn\u0105 G\u00f3r\u0119, a matki do Ostrej Bramy w Wilnie \u2013 wyra\u017ca\u0142o ich mi\u0142o\u015b\u0107 do Matki Jezusa, kt\u00f3r\u0105 przekazywali dzieciom gromadz\u0105c je na wsp\u00f3lnej modlitwie rodzinnej. Bolesne wydarzenie, jakim by\u0142a \u015bmier\u0107 matki, kt\u00f3r\u0105 m\u0142ody Stefan prze\u017cy\u0142 maj\u0105c dziewi\u0119\u0107 lat, jeszcze bardziej zwi\u0105za\u0142o go z Matk\u0105 Niebiesk\u0105.<\/p>\n\n\n\n<p>&nbsp;&nbsp;&nbsp;&nbsp;&nbsp;&nbsp;&nbsp;&nbsp;&nbsp;&nbsp;&nbsp; Kiedy kleryk Stefan przygotowywa\u0142 si\u0119 do kap\u0142a\u0144stwa w seminarium we W\u0142oc\u0142awku, zachorowa\u0142 na gru\u017alic\u0119. Dlatego otrzyma\u0142 \u015bwi\u0119cenia p\u00f3\u017aniej ni\u017c jego koledzy rocznikowi. Otrzyma\u0142 je na pocz\u0105tku sierpnia 1924 r. w kaplicy Matki Bo\u017cej w katedrze w\u0142oc\u0142awskiej. O tych \u015bwi\u0119ceniach sam powie o latach: \u201eSkoro wy\u015bwi\u0119cono mnie na oczach Matki, kt\u00f3ra patrzy\u0142a na M\u0119k\u0119 swojego Syna na Kalwarii, to ju\u017c Ona zatroszczy si\u0119, aby reszta zgodna by\u0142\u0105 z planem Bo\u017cym\u201d. Po \u015bwi\u0119ceniach odprawi\u0142 swoj\u0105 prymicyjn\u0105 Msz\u0119 \u015bw. nie w rodzinnej parafii, ale na Jasnej G\u00f3rze we wspomnienie Matki Bo\u017cej \u015anie\u017cnej (5 sierpnia). Nast\u0119pnie przez kilka miesi\u0119cy przebywa\u0142 w Licheniu. W czasie tego pobytu objawy chorobowe ca\u0142kowicie ust\u0105pi\u0142y, a sam prymas by\u0142 przekonany, \u017ce sw\u00f3j powr\u00f3t do zdrowia zawdzi\u0119cza\u0142 Maryi.<\/p>\n\n\n\n<p>&nbsp;&nbsp;&nbsp;&nbsp;&nbsp;&nbsp;&nbsp;&nbsp;&nbsp;&nbsp;&nbsp; Jego nominacja na biskupa lubelskiego, kt\u00f3ra mia\u0142a miejsce w 1946 r. tak\u017ce mia\u0142a wiele zwi\u0105zk\u00f3w z Matk\u0105 Bo\u017c\u0105. Decyzja papie\u017ca Piusa XII zosta\u0142a mu zakomunikowana 25 marca, a wi\u0119c&nbsp; w dniu Zwiastowania. Sakr\u0119 biskupi\u0105 przyjmuje na Jasnej G\u00f3rze 12 maja, a wi\u0119c w Jej sanktuarium i w miesi\u0105cu szczeg\u00f3lnie po\u015bwi\u0119conym Maryi. Jej wizerunek wpisa\u0142 tak\u017ce w sw\u00f3j herb biskupi. Po Nied\u0142ugo p\u00f3\u017aniej, papie\u017c podpisa\u0142 jego nominacj\u0119 na prymasa Polski w dniu 16 listopada 1948 r., a wi\u0119c w dniu Matki Bo\u017cej Ostrobramskiej. Podejmuj\u0105c t\u0119 pos\u0142ug\u0119, jako nast\u0119pca kard. Augusta Hlonda, zapewne pami\u0119ta\u0107 b\u0119dzie s\u0142owa \u201emaryjnego testamentu\u201d swego poprzednika: \u201ePracujcie i walczcie pod opiek\u0105 Matki Bo\u017cej. Zwyci\u0119stwo, gdy przyjdzie, b\u0119dzie to zwyci\u0119stwo Naj\u015bwi\u0119tszej Maryi Panny\u201d.<\/p>\n\n\n\n<p>&nbsp;&nbsp;&nbsp;&nbsp;&nbsp;&nbsp;&nbsp;&nbsp;&nbsp;&nbsp;&nbsp; Realizuj\u0105c powierzone mu zadanie przewodzenia Ko\u015bcio\u0142owi \u015bw. w Polsce w bardzo trudnym czasie lat powojennych odda\u0142 sw\u0105 pos\u0142ug\u0119 Matce Naj\u015bwi\u0119tszej. Wyrazem tego s\u0105 jego s\u0142owa, wypowiedziane 14 lutego 1953 r.: \u201eWszystko postawi\u0142em na Maryj\u0119 \u2013 i to Jasnog\u00f3rsk\u0105\u201d. To zaufanie Maryi b\u0119dzie dla niego oparciem w czasie jego aresztowania i uwi\u0119zienia w latach 1953-1956. W\u0142a\u015bnie w wi\u0119zieniu, po wcze\u015bniejszym trzytygodniowym przygotowaniu, z\u0142o\u017cy\u0142 akt swego osobistego oddania si\u0119 Matce Bo\u017cej, w kt\u00f3rym znajdujemy m.in. s\u0142owa: \u201e<strong>\u015awi\u0119ta Maryjo, Bogurodzico Dziewico, obieram sobie dzisiaj Ciebie za Pani\u0105, Or\u0119downiczk\u0119, Patronk\u0119, Opiekunk\u0119 i Matk\u0119 moj\u0105. <\/strong>Postanawiam sobie mocno i przyrzekam, \u017ce Ci\u0119 nigdy nie opuszcz\u0119, nie powiem i nie uczyni\u0119 nic przeciwko tobie. Nie pozwol\u0119 nigdy, aby inni cokolwiek czynili, co uw\u0142acza\u0142o by czci Twojej\u201d. Mo\u017cna powiedzie\u0107, \u017ce by\u0142 to szczeg\u00f3lny moment na maryjnej drodze prymasa Wyszy\u0144skiego.<\/p>\n\n\n\n<p>&nbsp;&nbsp;&nbsp;&nbsp;&nbsp;&nbsp;&nbsp;&nbsp;&nbsp;&nbsp;&nbsp; Kontynuacj\u0105 tego przywi\u0105zania Prymasa Tysi\u0105clecia do Maryi by\u0142 tekst Jasnog\u00f3rskich \u015alub\u00f3w Narodu Polskiego. Przygotowa\u0142 je kard. Wyszy\u0144ski w Koma\u0144czy, a zosta\u0142y one odczytane na Jasnej G\u00f3rze 26 sierpnia 1956 r., w roku trzechsetlecia \u015blub\u00f3w z\u0142o\u017conych przez kr\u00f3la Jana Kazimierza. Do tych \u015blub\u00f3w i do innych wyraz\u00f3w szczeg\u00f3lnego zwi\u0105zania prymasa Wyszy\u0144skiego z Maryj\u0105 powr\u00f3cimy za tydzie\u0144.<\/p>\n","protected":false},"excerpt":{"rendered":"Prymas Wyszy\u0144ski a Maryja (1) \u201eWszystko postawi\u0142em na Maryj\u0119\u201d Zwi\u0105zek osobisty kard. Wyszy\u0144skiego z Matk\u0105 Naj\u015bwi\u0119tsz\u0105, czego p\u00f3\u017aniej konsekwencj\u0105 by\u0142a wieloraka obecno\u015b\u0107 tematyki Maryjnej w jego pasterskim nauczaniu i w przygotowywanych programach duszpasterskich dla Ko\u015bcio\u0142a w Polsce \u2013 to temat bardzo szeroki. Obejmuje to zagadnienie bardzo wiele w\u0105tk\u00f3w i wydarze\u0144&hellip;\n","protected":false},"author":2,"featured_media":0,"parent":0,"menu_order":0,"comment_status":"closed","ping_status":"closed","template":"","meta":{"footnotes":""},"class_list":["post-939","page","type-page","status-publish","hentry"],"_links":{"self":[{"href":"https:\/\/trojcazambrow.pl\/index.php\/wp-json\/wp\/v2\/pages\/939","targetHints":{"allow":["GET"]}}],"collection":[{"href":"https:\/\/trojcazambrow.pl\/index.php\/wp-json\/wp\/v2\/pages"}],"about":[{"href":"https:\/\/trojcazambrow.pl\/index.php\/wp-json\/wp\/v2\/types\/page"}],"author":[{"embeddable":true,"href":"https:\/\/trojcazambrow.pl\/index.php\/wp-json\/wp\/v2\/users\/2"}],"replies":[{"embeddable":true,"href":"https:\/\/trojcazambrow.pl\/index.php\/wp-json\/wp\/v2\/comments?post=939"}],"version-history":[{"count":3,"href":"https:\/\/trojcazambrow.pl\/index.php\/wp-json\/wp\/v2\/pages\/939\/revisions"}],"predecessor-version":[{"id":945,"href":"https:\/\/trojcazambrow.pl\/index.php\/wp-json\/wp\/v2\/pages\/939\/revisions\/945"}],"wp:attachment":[{"href":"https:\/\/trojcazambrow.pl\/index.php\/wp-json\/wp\/v2\/media?parent=939"}],"curies":[{"name":"wp","href":"https:\/\/api.w.org\/{rel}","templated":true}]}}