{"id":964,"date":"2021-08-21T06:30:45","date_gmt":"2021-08-21T07:30:45","guid":{"rendered":"http:\/\/trojcazambrow.pl\/?page_id=964"},"modified":"2021-08-21T06:30:46","modified_gmt":"2021-08-21T07:30:46","slug":"katecheza-na-niedziele-29-sierpnia-2021-r","status":"publish","type":"page","link":"https:\/\/trojcazambrow.pl\/index.php\/katecheza-na-niedziele-29-sierpnia-2021-r\/","title":{"rendered":"Katecheza na niedziel\u0119 29 sierpnia 2021 r."},"content":{"rendered":"\n<p><strong>Wychowanie patriotyczne w nauczania Prymasa Tysi\u0105clecia<\/strong><\/p>\n\n\n\n<p>Dla Kard. Stefana Wyszy\u0144skiego patriotyzm wyra\u017ca\u0142 si\u0119 w postawie odpowiedzialno\u015bci za kraj, mi\u0142o\u015bci i szacunku do ziemi ojc\u00f3w i do rodak\u00f3w oraz uczciwym wype\u0142nianiu obowi\u0105zk\u00f3w dla dobra spo\u0142ecznego i ekonomicznego rozwoju kraju. Patriotyzm nie ma nic wsp\u00f3lnego z nacjonalizmem, kt\u00f3ry dla Stefana Wyszy\u0144skiego jest si\u0142\u0105 od\u015brodkow\u0105 rozbijaj\u0105c\u0105 chrze\u015bcija\u0144sk\u0105 rodzin\u0119 lud\u00f3w i prowadz\u0105c\u0105 do egoizmu narodowego i braku podmiotowo\u015bci w stosunku do innych narod\u00f3w. Nie mo\u017cna jednak zapomina\u0107, \u017ce patriotyzm wymaga, aby ka\u017cdy nar\u00f3d w pierwszej kolejno\u015bci kocha\u0142 swoj\u0105 Ojczyzn\u0119. Mi\u0142o\u015b\u0107 ta zostaje poddana pr\u00f3bie zw\u0142aszcza w sytuacjach trudnych dla Ojczyzny. Dlatego te\u017c w obliczu zagro\u017ce\u0144, jakie dotkn\u0119\u0142y Polsk\u0119 po roku 1945 Kard. Stefan Wyszy\u0144ski wezwa\u0142 Polak\u00f3w, aby walczy\u0107 o woln\u0105 Polsk\u0119, wiern\u0105 swojej chrze\u015bcija\u0144skiej tradycji. Widzimy wi\u0119c, \u017ce takie rozumienie patriotyzmu, jakie spotykamy w wypowiedziach Prymasa Tysi\u0105clecia, w zasadniczej swej tre\u015bci pokrywa si\u0119 z powszechnie przyj\u0119ta definicj\u0105 patriotyzmu, prezentowan\u0105 w s\u0142ownikach i encyklopediach, ale r\u00f3wnocze\u015bnie otrzymuje swoiste zabarwienie.<\/p>\n\n\n\n<p>&nbsp;&nbsp;&nbsp;&nbsp;&nbsp;&nbsp;&nbsp;&nbsp;&nbsp;&nbsp;&nbsp; Na wychowanie patriotyczne Prymas Wyszy\u0144ski patrzy\u0142 poprzez pryzmat wiary chrze\u015bcija\u0144skiej i Ewangelii. Za wz\u00f3r zwi\u0105zku cz\u0142owieka ze swoj\u0105 Ojczyzn\u0105 postawi\u0142 Jezusa Chrystusa, kt\u00f3ry, cho\u0107 pos\u0142any do wielu narod\u00f3w, nie zerwa\u0142 ze zwyczajami swojego Narodu. Z jego obyczaj\u00f3w i kultury czerpa\u0142, przedstawiaj\u0105c \u201eprogram uniwersalny\u201d, przeznaczony dla ka\u017cdego cz\u0142owieka, niezale\u017cnie od miejsca i czasu. Wed\u0142ug Prymasa Tysi\u0105clecia oparcie si\u0119 na wierze chrze\u015bcija\u0144skiej, przes\u0142aniu Ewangelii, jest te\u017c warunkiem ofiarnej s\u0142u\u017cby Ojczy\u017anie. Tego uzdolnienia nie zdo\u0142aj\u0105 zapewni\u0107 same z siebie systemy wychowawcze, spo\u0142eczne i polityczne pobawione warto\u015bci religijno-moralnych. Tylko cz\u0142owiek \u017cyj\u0105cy wiar\u0105 i z niej czerpi\u0105cy moc jest zdolny ca\u0142kowicie po\u015bwieci\u0107 si\u0119 Ojczy\u017anie.<\/p>\n\n\n\n<p>Kardyna\u0142 Wyszy\u0144ski zwr\u00f3ci\u0142 te\u017c uwag\u0119 na rol\u0119 Ko\u015bcio\u0142a katolickiego w wychowaniu patriotycznym. Wed\u0142ug niego o szczeg\u00f3lnym zwi\u0105zku narodu i Ko\u015bcio\u0142a w Polsce m\u00f3wi\u0105 fakty historyczne, poczynaj\u0105c od chrztu Mieszka I, kt\u00f3ry wprowadzi\u0142 Polsk\u0119 do rodziny narod\u00f3w chrze\u015bcija\u0144skich, przez okres \u201epotopu\u201d szwedzkiego, zabory i czasy ostatniej wojny \u015bwiatowej. Ko\u015bci\u00f3\u0142 by\u0142 zawsze razem z narodem i Ojczyzn\u0105 i nigdy jej nie opuszcza\u0142, wszczepia\u0142 w obyczaje narodowe i ojczyste cnoty spo\u0142eczne, umo\u017cliwiaj\u0105ce pe\u0142niejsze po\u015bwi\u0119cenie dla innych. Ko\u015bci\u00f3\u0142 naucza\u0142 mi\u0142o\u015bci Ojczyzny i wierno\u015bci dla niej.&nbsp;<\/p>\n\n\n\n<p>W nauczaniu Prymasa Tysi\u0105clecia wychowanie patriotyczne zosta\u0142o wi\u0119c mocno powi\u0105zane z podstawowymi zasadami wiary chrze\u015bcija\u0144skiej i z Ko\u015bcio\u0142em. Wyra\u017ca to mi\u0119dzy innymi nast\u0119puj\u0105ca wypowied\u017a: \u201eW Polsce trzeba obudzi\u0107 wol\u0119 czynienia dobra bli\u017anim. Trzeba o\u017cywi\u0107 w ka\u017cdym obywatelu potrzeb\u0119 \u017cywego zwi\u0105zku ze swoim narodem, z w\u0142asnym pa\u0144stwem, z Ko\u015bcio\u0142em. Trzeba wyrabia\u0107 poczucie wsp\u00f3lnoty spo\u0142ecznej i zawodowej i odpowiedzialno\u015bci za swoje osobiste czyny i ca\u0142e \u017cycie\u201d.<\/p>\n\n\n\n<p>W formacji patriotycznej na uwag\u0119 zas\u0142uguje r\u00f3wnie\u017c w\u0105tek maryjny. We wszystkich trudnych momentach naszej historii \u2013 wyja\u015bnia\u0142 Prymas Tysi\u0105clecia, Ko\u015bci\u00f3\u0142 zawierza\u0142 losy narodu Maryi. Znalaz\u0142o to szczeg\u00f3lny wyraz w Jasnog\u00f3rskich \u015alubach Narodu. Przyrzeczenia dotyczy\u0142y mi\u0119dzy innymi walki z wadami narodowymi: powierzchowno\u015bci\u0105 religijn\u0105, niedba\u0142o\u015bci\u0105, lenistwem, niesumienno\u015bci\u0105, rozrzutno\u015bci\u0105, marnotrawstwem, pija\u0144stwem i rozwi\u0105z\u0142o\u015bci\u0105.&nbsp; Podj\u0119cie walki z tym wadami jest r\u00f3wnocze\u015bnie \u015bwiadectwem wierno\u015bci narodowi i Ewangelii Chrystusowej<\/p>\n\n\n\n<p>W wychowaniu patriotycznym istotne jest w\u0142a\u015bciwe postrzeganie Ojczyzny, jej pojmowanie czy obraz. Znaczenie tej kwestii dobrze rozumia\u0142 Prymas Tysi\u0105clecia, kt\u00f3ry swoj\u0105 Ojczyzn\u0119-Polsk\u0119 por\u00f3wna\u0142 do matki. Tym samym zosta\u0142 dowarto\u015bciowany zwi\u0105zek, jaki zachodzi mi\u0119dzy cz\u0142owiekiem-dzieckiem a matk\u0105 i narodem-obywatelem a Ojczyzn\u0105.<\/p>\n","protected":false},"excerpt":{"rendered":"Wychowanie patriotyczne w nauczania Prymasa Tysi\u0105clecia Dla Kard. Stefana Wyszy\u0144skiego patriotyzm wyra\u017ca\u0142 si\u0119 w postawie odpowiedzialno\u015bci za kraj, mi\u0142o\u015bci i szacunku do ziemi ojc\u00f3w i do rodak\u00f3w oraz uczciwym wype\u0142nianiu obowi\u0105zk\u00f3w dla dobra spo\u0142ecznego i ekonomicznego rozwoju kraju. Patriotyzm nie ma nic wsp\u00f3lnego z nacjonalizmem, kt\u00f3ry dla Stefana Wyszy\u0144skiego jest&hellip;\n","protected":false},"author":2,"featured_media":0,"parent":0,"menu_order":0,"comment_status":"closed","ping_status":"closed","template":"","meta":{"footnotes":""},"class_list":["post-964","page","type-page","status-publish","hentry"],"_links":{"self":[{"href":"https:\/\/trojcazambrow.pl\/index.php\/wp-json\/wp\/v2\/pages\/964","targetHints":{"allow":["GET"]}}],"collection":[{"href":"https:\/\/trojcazambrow.pl\/index.php\/wp-json\/wp\/v2\/pages"}],"about":[{"href":"https:\/\/trojcazambrow.pl\/index.php\/wp-json\/wp\/v2\/types\/page"}],"author":[{"embeddable":true,"href":"https:\/\/trojcazambrow.pl\/index.php\/wp-json\/wp\/v2\/users\/2"}],"replies":[{"embeddable":true,"href":"https:\/\/trojcazambrow.pl\/index.php\/wp-json\/wp\/v2\/comments?post=964"}],"version-history":[{"count":1,"href":"https:\/\/trojcazambrow.pl\/index.php\/wp-json\/wp\/v2\/pages\/964\/revisions"}],"predecessor-version":[{"id":965,"href":"https:\/\/trojcazambrow.pl\/index.php\/wp-json\/wp\/v2\/pages\/964\/revisions\/965"}],"wp:attachment":[{"href":"https:\/\/trojcazambrow.pl\/index.php\/wp-json\/wp\/v2\/media?parent=964"}],"curies":[{"name":"wp","href":"https:\/\/api.w.org\/{rel}","templated":true}]}}